{"id":994,"date":"2021-06-23T11:23:47","date_gmt":"2021-06-23T15:23:47","guid":{"rendered":"https:\/\/unitedhospiceinc.org\/?page_id=994"},"modified":"2024-12-11T13:21:06","modified_gmt":"2024-12-11T18:21:06","slug":"healing-hearts-program","status":"publish","type":"page","link":"https:\/\/unitedhospiceinc.org\/es\/our-care-services\/bereavement-grief\/healing-hearts-program\/","title":{"rendered":"Programa Corazones Sanados"},"content":{"rendered":"<p>[et_pb_section fb_built=&#8221;1&#8243; fullwidth=&#8221;on&#8221; _builder_version=&#8221;4.21.0&#8243; _module_preset=&#8221;default&#8221; da_disable_devices=&#8221;off|off|off&#8221; global_colors_info=&#8221;{}&#8221; da_is_popup=&#8221;off&#8221; da_exit_intent=&#8221;off&#8221; da_has_close=&#8221;on&#8221; da_alt_close=&#8221;off&#8221; da_dark_close=&#8221;off&#8221; da_not_modal=&#8221;on&#8221; da_is_singular=&#8221;off&#8221; da_with_loader=&#8221;off&#8221; da_has_shadow=&#8221;on&#8221;][et_pb_nextend_smart_slider_3_fullwidth slider=&#8221;25&#8243; _builder_version=&#8221;4.21.0&#8243; _module_preset=&#8221;default&#8221; global_colors_info=&#8221;{}&#8221;][\/et_pb_nextend_smart_slider_3_fullwidth][\/et_pb_section][et_pb_section fb_built=&#8221;1&#8243; _builder_version=&#8221;4.16&#8243; _module_preset=&#8221;default&#8221; background_color=&#8221;#FFFFFF&#8221; da_disable_devices=&#8221;off|off|off&#8221; global_colors_info=&#8221;{}&#8221; da_is_popup=&#8221;off&#8221; da_exit_intent=&#8221;off&#8221; da_has_close=&#8221;on&#8221; da_alt_close=&#8221;off&#8221; da_dark_close=&#8221;off&#8221; da_not_modal=&#8221;on&#8221; da_is_singular=&#8221;off&#8221; da_with_loader=&#8221;off&#8221; da_has_shadow=&#8221;on&#8221;][et_pb_row _builder_version=&#8221;4.16&#8243; _module_preset=&#8221;default&#8221; locked=&#8221;off&#8221; global_colors_info=&#8221;{}&#8221;][et_pb_column type=&#8221;4_4&#8243; _builder_version=&#8221;4.16&#8243; _module_preset=&#8221;default&#8221; global_colors_info=&#8221;{}&#8221;][et_pb_text _builder_version=&#8221;4.22.2&#8243; _module_preset=&#8221;a95d1291-4312-4432-b9f9-e0f5149ec6ad&#8221; header_2_font=&#8221;|700|||||||&#8221; header_2_text_color=&#8221;#00A7B5&#8243; global_colors_info=&#8221;{}&#8221;]<\/p>\n<h2>Losing a loved one is difficult for everyone \u2013 but the impact of such a great loss is often devastating for children.<\/h2>\n<p>[\/et_pb_text][et_pb_text _builder_version=&#8221;4.16&#8243; _module_preset=&#8221;default&#8221; global_colors_info=&#8221;{}&#8221;]<\/p>\n<p>Bereavement and grief support is an important part of hospice care.\u00a0\u00a0<\/p>\n<p>The Healing Hearts program is a free service offered by United Hospice to families and children, ages 4-18 years, who have lost a loved one. Through this specially designed bereavement and grief support service, children and their parents or guardians receive the support they need to walk through this challenging journey together. Together, they receive practice guidance to address their particular needs.<\/p>\n<p>Healing Hearts Program participants meet twice a month during the school year. The program brings together children and their parents or guardians for family activities. This is followed by appropriate support group sessions. Each Spring, the program holds a Memorial Rock Garden Dedication.<\/p>\n<p><em>For<\/em><em> more information about<\/em><em>\u00a0United Hospice\u2019s <\/em><em>Healing Hearts Program, please contact our Healing Hearts Program Coordinator at\u00a0<\/em><a href=\"tel:845.634.4974\"><em>845.634.4974<\/em><\/a><em>.\u00a0There is no fee for this program, but pre-registration is required.<\/em><\/p>\n<p>[\/et_pb_text][et_pb_button button_url=&#8221;https:\/\/unitedhospiceinc.org\/our-care-services\/bereavement-grief\/healing-hearts-program-registration\/&#8221; button_text=&#8221;Register Online for the Healing Hearts Program&#8221; _builder_version=&#8221;4.25.1&#8243; _module_preset=&#8221;default&#8221; custom_margin=&#8221;30px||||false|false&#8221; global_colors_info=&#8221;{}&#8221;][\/et_pb_button][\/et_pb_column][\/et_pb_row][\/et_pb_section]<\/p>\n","protected":false},"excerpt":{"rendered":"<p>Losing a loved one is difficult for everyone \u2013 but the impact of such a great loss is often devastating for children.Bereavement and grief support is an important part of [&hellip;]<\/p>\n","protected":false},"author":4,"featured_media":0,"parent":932,"menu_order":0,"comment_status":"closed","ping_status":"closed","template":"","meta":{"_acf_changed":false,"_et_pb_use_builder":"on","_et_pb_old_content":"","_et_gb_content_width":"","inline_featured_image":false,"footnotes":""},"class_list":["post-994","page","type-page","status-publish","hentry"],"acf":[],"yoast_head":"<!-- This site is optimized with the Yoast SEO plugin v27.3 - https:\/\/yoast.com\/product\/yoast-seo-wordpress\/ -->\n<title>Healing Hearts Program for Grief Support and Bereavement Care<\/title>\n<meta name=\"description\" content=\"The Healing Hearts program is a free service offered by United Hospice to families and children, ages 4-18 years, who have lost a loved one.\" \/>\n<meta name=\"robots\" content=\"index, follow, max-snippet:-1, max-image-preview:large, max-video-preview:-1\" \/>\n<link rel=\"canonical\" href=\"https:\/\/unitedhospiceinc.org\/es\/our-care-services\/bereavement-grief\/healing-hearts-program\/\" \/>\n<meta property=\"og:locale\" content=\"es_MX\" \/>\n<meta property=\"og:type\" content=\"article\" \/>\n<meta property=\"og:title\" content=\"Healing Hearts Program for Grief Support and Bereavement Care\" \/>\n<meta property=\"og:description\" content=\"The Healing Hearts program is a free service offered by United Hospice to families and children, ages 4-18 years, who have lost a loved one.\" \/>\n<meta property=\"og:url\" content=\"https:\/\/unitedhospiceinc.org\/es\/our-care-services\/bereavement-grief\/healing-hearts-program\/\" \/>\n<meta property=\"og:site_name\" content=\"United Hospice\" \/>\n<meta property=\"article:modified_time\" content=\"2024-12-11T18:21:06+00:00\" \/>\n<meta property=\"og:image\" content=\"https:\/\/unitedhospiceinc.org\/wp-content\/uploads\/2024\/01\/logo-email.png\" \/>\n\t<meta property=\"og:image:width\" content=\"400\" \/>\n\t<meta property=\"og:image:height\" content=\"208\" \/>\n\t<meta property=\"og:image:type\" content=\"image\/png\" \/>\n<meta name=\"twitter:card\" content=\"summary_large_image\" \/>\n<meta name=\"twitter:label1\" content=\"Tiempo de lectura\" \/>\n\t<meta name=\"twitter:data1\" content=\"1 minuto\" \/>\n<!-- \/ Yoast SEO plugin. -->","yoast_head_json":{"title":"Programa Healing Hearts de apoyo al duelo y atenci\u00f3n al luto","description":"El programa Healing Hearts es un servicio gratuito que ofrece United Hospice a familias y ni\u00f1os de entre 4 y 18 a\u00f1os que han perdido a un ser querido.","robots":{"index":"index","follow":"follow","max-snippet":"max-snippet:-1","max-image-preview":"max-image-preview:large","max-video-preview":"max-video-preview:-1"},"canonical":"https:\/\/unitedhospiceinc.org\/es\/our-care-services\/bereavement-grief\/healing-hearts-program\/","og_locale":"es_MX","og_type":"article","og_title":"Healing Hearts Program for Grief Support and Bereavement Care","og_description":"The Healing Hearts program is a free service offered by United Hospice to families and children, ages 4-18 years, who have lost a loved one.","og_url":"https:\/\/unitedhospiceinc.org\/es\/our-care-services\/bereavement-grief\/healing-hearts-program\/","og_site_name":"United Hospice","article_modified_time":"2024-12-11T18:21:06+00:00","og_image":[{"width":400,"height":208,"url":"https:\/\/unitedhospiceinc.org\/wp-content\/uploads\/2024\/01\/logo-email.png","type":"image\/png"}],"twitter_card":"summary_large_image","twitter_misc":{"Tiempo de lectura":"1 minuto"},"schema":{"@context":"https:\/\/schema.org","@graph":[{"@type":"WebPage","@id":"https:\/\/unitedhospiceinc.org\/our-care-services\/bereavement-grief\/healing-hearts-program\/","url":"https:\/\/unitedhospiceinc.org\/our-care-services\/bereavement-grief\/healing-hearts-program\/","name":"Programa Healing Hearts de apoyo al duelo y atenci\u00f3n al luto","isPartOf":{"@id":"https:\/\/unitedhospiceinc.org\/#website"},"datePublished":"2021-06-23T15:23:47+00:00","dateModified":"2024-12-11T18:21:06+00:00","description":"El programa Healing Hearts es un servicio gratuito que ofrece United Hospice a familias y ni\u00f1os de entre 4 y 18 a\u00f1os que han perdido a un ser querido.","breadcrumb":{"@id":"https:\/\/unitedhospiceinc.org\/our-care-services\/bereavement-grief\/healing-hearts-program\/#breadcrumb"},"inLanguage":"es","potentialAction":[{"@type":"ReadAction","target":["https:\/\/unitedhospiceinc.org\/our-care-services\/bereavement-grief\/healing-hearts-program\/"]}]},{"@type":"BreadcrumbList","@id":"https:\/\/unitedhospiceinc.org\/our-care-services\/bereavement-grief\/healing-hearts-program\/#breadcrumb","itemListElement":[{"@type":"ListItem","position":1,"name":"Home","item":"https:\/\/unitedhospiceinc.org\/"},{"@type":"ListItem","position":2,"name":"Our Care Services","item":"https:\/\/unitedhospiceinc.org\/our-care-services\/"},{"@type":"ListItem","position":3,"name":"Bereavement &#038; Grief","item":"https:\/\/unitedhospiceinc.org\/our-care-services\/bereavement-grief\/"},{"@type":"ListItem","position":4,"name":"Healing Hearts Program"}]},{"@type":"WebSite","@id":"https:\/\/unitedhospiceinc.org\/#website","url":"https:\/\/unitedhospiceinc.org\/","name":"Hospicio Unido","description":"Vivir con comodidad cuando el tiempo es lo m\u00e1s importante","potentialAction":[{"@type":"SearchAction","target":{"@type":"EntryPoint","urlTemplate":"https:\/\/unitedhospiceinc.org\/?s={search_term_string}"},"query-input":{"@type":"PropertyValueSpecification","valueRequired":true,"valueName":"search_term_string"}}],"inLanguage":"es"}]}},"_links":{"self":[{"href":"https:\/\/unitedhospiceinc.org\/es\/wp-json\/wp\/v2\/pages\/994","targetHints":{"allow":["GET"]}}],"collection":[{"href":"https:\/\/unitedhospiceinc.org\/es\/wp-json\/wp\/v2\/pages"}],"about":[{"href":"https:\/\/unitedhospiceinc.org\/es\/wp-json\/wp\/v2\/types\/page"}],"author":[{"embeddable":true,"href":"https:\/\/unitedhospiceinc.org\/es\/wp-json\/wp\/v2\/users\/4"}],"replies":[{"embeddable":true,"href":"https:\/\/unitedhospiceinc.org\/es\/wp-json\/wp\/v2\/comments?post=994"}],"version-history":[{"count":0,"href":"https:\/\/unitedhospiceinc.org\/es\/wp-json\/wp\/v2\/pages\/994\/revisions"}],"up":[{"embeddable":true,"href":"https:\/\/unitedhospiceinc.org\/es\/wp-json\/wp\/v2\/pages\/932"}],"wp:attachment":[{"href":"https:\/\/unitedhospiceinc.org\/es\/wp-json\/wp\/v2\/media?parent=994"}],"curies":[{"name":"wp","href":"https:\/\/api.w.org\/{rel}","templated":true}]}}