{"id":938,"date":"2021-06-23T06:34:51","date_gmt":"2021-06-23T10:34:51","guid":{"rendered":"https:\/\/unitedhospiceinc.org\/?page_id=938"},"modified":"2024-12-11T13:25:32","modified_gmt":"2024-12-11T18:25:32","slug":"make-your-wishes-known","status":"publish","type":"page","link":"https:\/\/unitedhospiceinc.org\/es\/our-care-services\/education\/make-your-wishes-known\/","title":{"rendered":"Haga saber sus deseos"},"content":{"rendered":"<p>[et_pb_section fb_built=&#8221;1&#8243; _builder_version=&#8221;4.9.7&#8243; _module_preset=&#8221;default&#8221; background_color=&#8221;#00A7B5&#8243; custom_padding=&#8221;25px||25px||true|false&#8221; da_disable_devices=&#8221;off|off|off&#8221; global_module=&#8221;495&#8243; saved_tabs=&#8221;all&#8221; global_colors_info=&#8221;{}&#8221; da_is_popup=&#8221;off&#8221; da_exit_intent=&#8221;off&#8221; da_has_close=&#8221;on&#8221; da_alt_close=&#8221;off&#8221; da_dark_close=&#8221;off&#8221; da_not_modal=&#8221;on&#8221; da_is_singular=&#8221;off&#8221; da_with_loader=&#8221;off&#8221; da_has_shadow=&#8221;on&#8221;][et_pb_row _builder_version=&#8221;4.16&#8243; _module_preset=&#8221;default&#8221; custom_padding=&#8221;0px||0px||true|false&#8221; global_colors_info=&#8221;{}&#8221;][et_pb_column type=&#8221;4_4&#8243; _builder_version=&#8221;4.16&#8243; _module_preset=&#8221;default&#8221; global_colors_info=&#8221;{}&#8221;][et_pb_blurb title=&#8221;@ET-DC@eyJkeW5hbWljIjp0cnVlLCJjb250ZW50IjoicG9zdF90aXRsZSIsInNldHRpbmdzIjp7ImJlZm9yZSI6Im91ciBjYXJlIHNlcnZpY2VzICB8ICAiLCJhZnRlciI6IiJ9fQ==@&#8221; content_max_width=&#8221;100%&#8221; _builder_version=&#8221;4.16&#8243; _dynamic_attributes=&#8221;title&#8221; _module_preset=&#8221;default&#8221; header_level=&#8221;h1&#8243; header_font=&#8221;Libre Baskerville||||||||&#8221; header_text_color=&#8221;#FFFFFF&#8221; header_font_size=&#8221;42px&#8221; header_font_size_tablet=&#8221;32px&#8221; header_font_size_phone=&#8221;&#8221; header_font_size_last_edited=&#8221;on|phone&#8221; custom_css_blurb_title=&#8221;text-transform:lowercase;&#8221; global_colors_info=&#8221;{}&#8221;][\/et_pb_blurb][\/et_pb_column][\/et_pb_row][\/et_pb_section][et_pb_section fb_built=&#8221;1&#8243; admin_label=&#8221;Section&#8221; _builder_version=&#8221;4.16&#8243; _module_preset=&#8221;7af211a6-13cc-4618-bc82-e0946e847b4d&#8221; background_image=&#8221;https:\/\/unitedhospiceinc.org\/wp-content\/uploads\/2021\/09\/pexels-kampus-production-7551645.jpg&#8221; parallax=&#8221;off&#8221; background_position=&#8221;center_right&#8221; da_disable_devices=&#8221;off|off|off&#8221; global_colors_info=&#8221;{}&#8221; da_is_popup=&#8221;off&#8221; da_exit_intent=&#8221;off&#8221; da_has_close=&#8221;on&#8221; da_alt_close=&#8221;off&#8221; da_dark_close=&#8221;off&#8221; da_not_modal=&#8221;on&#8221; da_is_singular=&#8221;off&#8221; da_with_loader=&#8221;off&#8221; da_has_shadow=&#8221;on&#8221;][\/et_pb_section][et_pb_section fb_built=&#8221;1&#8243; _builder_version=&#8221;4.16&#8243; _module_preset=&#8221;default&#8221; background_color=&#8221;#FFFFFF&#8221; da_disable_devices=&#8221;off|off|off&#8221; global_colors_info=&#8221;{}&#8221; da_is_popup=&#8221;off&#8221; da_exit_intent=&#8221;off&#8221; da_has_close=&#8221;on&#8221; da_alt_close=&#8221;off&#8221; da_dark_close=&#8221;off&#8221; da_not_modal=&#8221;on&#8221; da_is_singular=&#8221;off&#8221; da_with_loader=&#8221;off&#8221; da_has_shadow=&#8221;on&#8221;][et_pb_row _builder_version=&#8221;4.16&#8243; _module_preset=&#8221;default&#8221; locked=&#8221;off&#8221; global_colors_info=&#8221;{}&#8221;][et_pb_column type=&#8221;4_4&#8243; _builder_version=&#8221;4.16&#8243; _module_preset=&#8221;default&#8221; global_colors_info=&#8221;{}&#8221;][et_pb_text _builder_version=&#8221;4.22.2&#8243; _module_preset=&#8221;a95d1291-4312-4432-b9f9-e0f5149ec6ad&#8221; header_2_font=&#8221;|700|||||||&#8221; header_2_text_color=&#8221;#00A7B5&#8243; global_colors_info=&#8221;{}&#8221;]<\/p>\n<h2>United Hospice respects the rights of patients to make choices about their health care.<\/h2>\n<p>[\/et_pb_text][et_pb_text _builder_version=&#8221;4.16&#8243; _module_preset=&#8221;default&#8221; global_colors_info=&#8221;{}&#8221;]<\/p>\n<p><span style=\"font-weight: 400;\">An advance directive gives patients a way to make their wishes known so that<\/span> <span style=\"font-weight: 400;\">they are sure to receive the kind of care they desire. In addition, completing advance directives help you feel reassured that your choices can be honored immediately, without losing valuable time, and those difficult decisions will be easier for your loved ones to make.<\/span><\/p>\n<p><span style=\"font-weight: 400;\">Advance directives consist of four types. Each enables you to convey your end-of-life wishes if you are unable to communicate.\u00a0 They include:\u00a0<\/span><\/p>\n<ul>\n<li style=\"font-weight: 400;\" aria-level=\"2\"><span style=\"font-weight: 400;\">A Health Care Proxy<\/span><\/li>\n<li style=\"font-weight: 400;\" aria-level=\"2\"><span style=\"font-weight: 400;\">A Living Will<\/span><\/li>\n<li style=\"font-weight: 400;\" aria-level=\"2\"><span style=\"font-weight: 400;\">A Do Not Resuscitate Order or DNR<\/span><\/li>\n<li style=\"font-weight: 400;\" aria-level=\"2\"><span style=\"font-weight: 400;\">An Organ Donor Designation.<\/span><span style=\"font-weight: 400;\">\u00a0<\/span><\/li>\n<\/ul>\n<p><span style=\"font-weight: 400;\">The best time to write advance directives and make your wishes known is while you are healthy.\u00a0<\/span><\/p>\n<p><span style=\"font-weight: 400;\">We are here to help you through the process of making your wishes known.<\/span><\/p>\n<p><span style=\"font-weight: 400;\">You can find valuable information both in the <a href=\"https:\/\/unitedhospiceinc.org\/our-care-services\/education\/brochures-white-papers\/\">Brochures &amp; White Papers<\/a> (live link) section of our website and on a website we created called Assuring Your Wishes.<\/span><\/p>\n<p>[\/et_pb_text][et_pb_button button_url=&#8221;https:\/\/assuringyourwishes.org\/&#8221; url_new_window=&#8221;on&#8221; button_text=&#8221;assuring your wishes&#8221; button_alignment=&#8221;left&#8221; _builder_version=&#8221;4.16&#8243; _module_preset=&#8221;92140193-dd33-400d-9af8-2bd934e74221&#8243; custom_margin=&#8221;15px||15px||false|false&#8221; custom_padding=&#8221;|20px||20px|true|true&#8221; global_colors_info=&#8221;{}&#8221;][\/et_pb_button][et_pb_text _builder_version=&#8221;4.16&#8243; _module_preset=&#8221;default&#8221; global_colors_info=&#8221;{}&#8221;]<\/p>\n<p><span style=\"font-weight: 400;\">Assuringyourwishes.org is a free, secure, website that not only provides valuable information about making your end-of-life wishes known, but it also enables your documents to be safely stored and accessed by health professionals when they are needed.\u00a0<\/span><\/p>\n<p><i>Contact United Hospice at <a href=\"tel:845.634.4974\">845.634.4974<\/a> or <a href=\"mailto:info@unitedhospiceinc.org\">info@unitedhospiceinc.org<\/a> if you would like further information or help on advance directives.<\/i><\/p>\n<p>[\/et_pb_text][\/et_pb_column][\/et_pb_row][\/et_pb_section]<\/p>\n","protected":false},"excerpt":{"rendered":"<p>United Hospice respects the rights of patients to make choices about their health care.An advance directive gives patients a way to make their wishes known so that they are sure [&hellip;]<\/p>\n","protected":false},"author":4,"featured_media":0,"parent":936,"menu_order":0,"comment_status":"closed","ping_status":"closed","template":"","meta":{"_acf_changed":false,"_et_pb_use_builder":"on","_et_pb_old_content":"","_et_gb_content_width":"","inline_featured_image":false,"footnotes":""},"class_list":["post-938","page","type-page","status-publish","hentry"],"acf":[],"yoast_head":"<!-- This site is optimized with the Yoast SEO plugin v27.3 - https:\/\/yoast.com\/product\/yoast-seo-wordpress\/ -->\n<title>Make Your Wishes Known End-of-Life Planning Guide<\/title>\n<meta name=\"description\" content=\"Make Your Wishes Known. United Hospice respects the rights of patients to make choices about their health care.\" \/>\n<meta name=\"robots\" content=\"index, follow, max-snippet:-1, max-image-preview:large, max-video-preview:-1\" \/>\n<link rel=\"canonical\" href=\"https:\/\/unitedhospiceinc.org\/es\/our-care-services\/education\/make-your-wishes-known\/\" \/>\n<meta property=\"og:locale\" content=\"es_MX\" \/>\n<meta property=\"og:type\" content=\"article\" \/>\n<meta property=\"og:title\" content=\"Make Your Wishes Known End-of-Life Planning Guide\" \/>\n<meta property=\"og:description\" content=\"Make Your Wishes Known. United Hospice respects the rights of patients to make choices about their health care.\" \/>\n<meta property=\"og:url\" content=\"https:\/\/unitedhospiceinc.org\/es\/our-care-services\/education\/make-your-wishes-known\/\" \/>\n<meta property=\"og:site_name\" content=\"United Hospice\" \/>\n<meta property=\"article:modified_time\" content=\"2024-12-11T18:25:32+00:00\" \/>\n<meta property=\"og:image\" content=\"https:\/\/unitedhospiceinc.org\/wp-content\/uploads\/2024\/01\/logo-email.png\" \/>\n\t<meta property=\"og:image:width\" content=\"400\" \/>\n\t<meta property=\"og:image:height\" content=\"208\" \/>\n\t<meta property=\"og:image:type\" content=\"image\/png\" \/>\n<meta name=\"twitter:card\" content=\"summary_large_image\" \/>\n<meta name=\"twitter:label1\" content=\"Tiempo de lectura\" \/>\n\t<meta name=\"twitter:data1\" content=\"2 minutos\" \/>\n<!-- \/ Yoast SEO plugin. -->","yoast_head_json":{"title":"Gu\u00eda de planificaci\u00f3n para el final de la vida","description":"D\u00e9 a conocer sus deseos. United Hospice respeta el derecho de los pacientes a tomar decisiones sobre su atenci\u00f3n m\u00e9dica.","robots":{"index":"index","follow":"follow","max-snippet":"max-snippet:-1","max-image-preview":"max-image-preview:large","max-video-preview":"max-video-preview:-1"},"canonical":"https:\/\/unitedhospiceinc.org\/es\/our-care-services\/education\/make-your-wishes-known\/","og_locale":"es_MX","og_type":"article","og_title":"Make Your Wishes Known End-of-Life Planning Guide","og_description":"Make Your Wishes Known. United Hospice respects the rights of patients to make choices about their health care.","og_url":"https:\/\/unitedhospiceinc.org\/es\/our-care-services\/education\/make-your-wishes-known\/","og_site_name":"United Hospice","article_modified_time":"2024-12-11T18:25:32+00:00","og_image":[{"width":400,"height":208,"url":"https:\/\/unitedhospiceinc.org\/wp-content\/uploads\/2024\/01\/logo-email.png","type":"image\/png"}],"twitter_card":"summary_large_image","twitter_misc":{"Tiempo de lectura":"2 minutos"},"schema":{"@context":"https:\/\/schema.org","@graph":[{"@type":"WebPage","@id":"https:\/\/unitedhospiceinc.org\/our-care-services\/education\/make-your-wishes-known\/","url":"https:\/\/unitedhospiceinc.org\/our-care-services\/education\/make-your-wishes-known\/","name":"Gu\u00eda de planificaci\u00f3n para el final de la vida","isPartOf":{"@id":"https:\/\/unitedhospiceinc.org\/#website"},"datePublished":"2021-06-23T10:34:51+00:00","dateModified":"2024-12-11T18:25:32+00:00","description":"D\u00e9 a conocer sus deseos. United Hospice respeta el derecho de los pacientes a tomar decisiones sobre su atenci\u00f3n m\u00e9dica.","breadcrumb":{"@id":"https:\/\/unitedhospiceinc.org\/our-care-services\/education\/make-your-wishes-known\/#breadcrumb"},"inLanguage":"es","potentialAction":[{"@type":"ReadAction","target":["https:\/\/unitedhospiceinc.org\/our-care-services\/education\/make-your-wishes-known\/"]}]},{"@type":"BreadcrumbList","@id":"https:\/\/unitedhospiceinc.org\/our-care-services\/education\/make-your-wishes-known\/#breadcrumb","itemListElement":[{"@type":"ListItem","position":1,"name":"Home","item":"https:\/\/unitedhospiceinc.org\/"},{"@type":"ListItem","position":2,"name":"Our Care Services","item":"https:\/\/unitedhospiceinc.org\/our-care-services\/"},{"@type":"ListItem","position":3,"name":"Education","item":"https:\/\/unitedhospiceinc.org\/our-care-services\/education\/"},{"@type":"ListItem","position":4,"name":"Make Your Wishes Known"}]},{"@type":"WebSite","@id":"https:\/\/unitedhospiceinc.org\/#website","url":"https:\/\/unitedhospiceinc.org\/","name":"Hospicio Unido","description":"Vivir con comodidad cuando el tiempo es lo m\u00e1s importante","potentialAction":[{"@type":"SearchAction","target":{"@type":"EntryPoint","urlTemplate":"https:\/\/unitedhospiceinc.org\/?s={search_term_string}"},"query-input":{"@type":"PropertyValueSpecification","valueRequired":true,"valueName":"search_term_string"}}],"inLanguage":"es"}]}},"_links":{"self":[{"href":"https:\/\/unitedhospiceinc.org\/es\/wp-json\/wp\/v2\/pages\/938","targetHints":{"allow":["GET"]}}],"collection":[{"href":"https:\/\/unitedhospiceinc.org\/es\/wp-json\/wp\/v2\/pages"}],"about":[{"href":"https:\/\/unitedhospiceinc.org\/es\/wp-json\/wp\/v2\/types\/page"}],"author":[{"embeddable":true,"href":"https:\/\/unitedhospiceinc.org\/es\/wp-json\/wp\/v2\/users\/4"}],"replies":[{"embeddable":true,"href":"https:\/\/unitedhospiceinc.org\/es\/wp-json\/wp\/v2\/comments?post=938"}],"version-history":[{"count":0,"href":"https:\/\/unitedhospiceinc.org\/es\/wp-json\/wp\/v2\/pages\/938\/revisions"}],"up":[{"embeddable":true,"href":"https:\/\/unitedhospiceinc.org\/es\/wp-json\/wp\/v2\/pages\/936"}],"wp:attachment":[{"href":"https:\/\/unitedhospiceinc.org\/es\/wp-json\/wp\/v2\/media?parent=938"}],"curies":[{"name":"wp","href":"https:\/\/api.w.org\/{rel}","templated":true}]}}