{"id":930,"date":"2021-06-23T06:33:32","date_gmt":"2021-06-23T06:33:32","guid":{"rendered":"https:\/\/unitedhospiceinc.org\/?page_id=930"},"modified":"2024-12-12T10:48:47","modified_gmt":"2024-12-12T15:48:47","slug":"conquering-health-disparities","status":"publish","type":"page","link":"https:\/\/unitedhospiceinc.org\/es\/our-care-services\/conquering-health-disparities\/","title":{"rendered":"Conquistar las disparidades sanitarias"},"content":{"rendered":"<p>[et_pb_section fb_built=&#8221;1&#8243; fullwidth=&#8221;on&#8221; _builder_version=&#8221;4.21.0&#8243; _module_preset=&#8221;default&#8221; da_disable_devices=&#8221;off|off|off&#8221; global_colors_info=&#8221;{}&#8221; da_is_popup=&#8221;off&#8221; da_exit_intent=&#8221;off&#8221; da_has_close=&#8221;on&#8221; da_alt_close=&#8221;off&#8221; da_dark_close=&#8221;off&#8221; da_not_modal=&#8221;on&#8221; da_is_singular=&#8221;off&#8221; da_with_loader=&#8221;off&#8221; da_has_shadow=&#8221;on&#8221;][et_pb_nextend_smart_slider_3_fullwidth slider=&#8221;27&#8243; _builder_version=&#8221;4.21.0&#8243; _module_preset=&#8221;default&#8221; global_colors_info=&#8221;{}&#8221;][\/et_pb_nextend_smart_slider_3_fullwidth][\/et_pb_section][et_pb_section fb_built=&#8221;1&#8243; _builder_version=&#8221;4.16&#8243; _module_preset=&#8221;default&#8221; da_disable_devices=&#8221;off|off|off&#8221; global_colors_info=&#8221;{}&#8221; da_is_popup=&#8221;off&#8221; da_exit_intent=&#8221;off&#8221; da_has_close=&#8221;on&#8221; da_alt_close=&#8221;off&#8221; da_dark_close=&#8221;off&#8221; da_not_modal=&#8221;on&#8221; da_is_singular=&#8221;off&#8221; da_with_loader=&#8221;off&#8221; da_has_shadow=&#8221;on&#8221;][et_pb_row _builder_version=&#8221;4.16&#8243; _module_preset=&#8221;default&#8221; global_colors_info=&#8221;{}&#8221;][et_pb_column type=&#8221;4_4&#8243; _builder_version=&#8221;4.16&#8243; _module_preset=&#8221;default&#8221; global_colors_info=&#8221;{}&#8221;][et_pb_text _builder_version=&#8221;4.22.2&#8243; _module_preset=&#8221;a95d1291-4312-4432-b9f9-e0f5149ec6ad&#8221; header_2_font=&#8221;|700|||||||&#8221; header_2_text_color=&#8221;#00A7B5&#8243; global_colors_info=&#8221;{}&#8221;]<\/p>\n<h2>Throughout the health care industry, there are evident disparities. We want to be part of the solution.<\/h2>\n<p>[\/et_pb_text][et_pb_text _builder_version=&#8221;4.16&#8243; _module_preset=&#8221;default&#8221; global_colors_info=&#8221;{}&#8221;]<\/p>\n<p>United Hospice wants to make a difference in the disparity of those who receive hospice care. For example, Latinos make up nearly 20% of New York State\u2019s population, but only 2% of Latinos receive hospice care. United Hospice is committed to changing these statistics and reaching the underserved. We are working to be part of a dramatic change in those statistics!<\/p>\n<p>New York State is ranked second to last in the nation in utilization of the Hospice Medicare benefit. New Yorkers need to be equipped with the information needed to make decisions that will improve their quality of life. This is true not only for those who are patients receiving hospice care but also for their loved ones.\u00a0<\/p>\n<p>Our approach starts with awareness and we have focused our efforts on educating the community. United Hospice highlights the benefits of the patient-centered care we provide to all patients regardless of race, ethnicity, gender, sexual orientation, location, or socioeconomic status. In 2019, our organization embarked on an ambitious mission-driven project to ensure education about the hospice benefit was made available to various underserved communities throughout Orange and Rockland counties. As part of this, we created bilingual care teams to alleviate families of the challenges associated with language barriers when establishing a plan of care. We also organized a Diversity Equity and Inclusion group to integrate cultural awareness best practices into our care plans.<\/p>\n<p>We are reaching into our communities to share the message that hospice is a beacon of hope and compassion for those suffering from terminal illnesses and their families. Communication is vitally important to the work we do at United Hospice. Understanding our patients\u2019 wishes and bringing comfort to patients, caregivers and families is at the center of what we do.<\/p>\n<p>We invite you to watch our short film on the subject,\u00a0<strong><em>A Commitment To Culture<\/em><\/strong><strong>.\u00a0<\/strong><\/p>\n<p>[\/et_pb_text][et_pb_video src=&#8221;https:\/\/www.youtube.com\/watch?v=18X4v1lOgRs&#8221; _builder_version=&#8221;4.16&#8243; _module_preset=&#8221;default&#8221; global_colors_info=&#8221;{}&#8221;][\/et_pb_video][et_pb_text _builder_version=&#8221;4.16&#8243; _module_preset=&#8221;default&#8221; global_colors_info=&#8221;{}&#8221;]<\/p>\n<p><span style=\"font-weight: 400;\">If you would like to offer your support in conquering health disparities, consider a tax-deductible <a href=\"https:\/\/unitedhospiceinc.org\/donation\/\">donation<\/a> to United Hospice.<\/span><\/p>\n<p>[\/et_pb_text][\/et_pb_column][\/et_pb_row][\/et_pb_section]<\/p>\n","protected":false},"excerpt":{"rendered":"<p>Throughout the health care industry, there are evident disparities. We want to be part of the solution.United Hospice wants to make a difference in the disparity of those who receive [&hellip;]<\/p>\n","protected":false},"author":4,"featured_media":0,"parent":462,"menu_order":0,"comment_status":"closed","ping_status":"closed","template":"","meta":{"_acf_changed":false,"_et_pb_use_builder":"on","_et_pb_old_content":"","_et_gb_content_width":"","inline_featured_image":false,"footnotes":""},"class_list":["post-930","page","type-page","status-publish","hentry"],"acf":[],"yoast_head":"<!-- This site is optimized with the Yoast SEO plugin v27.4 - https:\/\/yoast.com\/product\/yoast-seo-wordpress\/ -->\n<title>Conquering Health Disparities | United Hospice<\/title>\n<meta name=\"description\" content=\"Discover how United Hospice Inc. addresses health disparities through compassionate care services, promoting equitable access to healthcare for all communities.\" \/>\n<meta name=\"robots\" content=\"index, follow, max-snippet:-1, max-image-preview:large, max-video-preview:-1\" \/>\n<link rel=\"canonical\" href=\"https:\/\/unitedhospiceinc.org\/es\/our-care-services\/conquering-health-disparities\/\" \/>\n<meta property=\"og:locale\" content=\"es_MX\" \/>\n<meta property=\"og:type\" content=\"article\" \/>\n<meta property=\"og:title\" content=\"Conquering Health Disparities | United Hospice\" \/>\n<meta property=\"og:description\" content=\"Discover how United Hospice Inc. addresses health disparities through compassionate care services, promoting equitable access to healthcare for all communities.\" \/>\n<meta property=\"og:url\" content=\"https:\/\/unitedhospiceinc.org\/es\/our-care-services\/conquering-health-disparities\/\" \/>\n<meta property=\"og:site_name\" content=\"United Hospice\" \/>\n<meta property=\"article:modified_time\" content=\"2024-12-12T15:48:47+00:00\" \/>\n<meta property=\"og:image\" content=\"https:\/\/unitedhospiceinc.org\/wp-content\/uploads\/2024\/01\/logo-email.png\" \/>\n\t<meta property=\"og:image:width\" content=\"400\" \/>\n\t<meta property=\"og:image:height\" content=\"208\" \/>\n\t<meta property=\"og:image:type\" content=\"image\/png\" \/>\n<meta name=\"twitter:card\" content=\"summary_large_image\" \/>\n<meta name=\"twitter:label1\" content=\"Tiempo de lectura\" \/>\n\t<meta name=\"twitter:data1\" content=\"2 minutos\" \/>\n<!-- \/ Yoast SEO plugin. -->","yoast_head_json":{"title":"Conquistar las disparidades sanitarias | United Hospice","description":"Descubra c\u00f3mo United Hospice Inc. aborda las disparidades sanitarias mediante servicios de atenci\u00f3n compasiva, promoviendo el acceso equitativo a la atenci\u00f3n sanitaria para todas las comunidades.","robots":{"index":"index","follow":"follow","max-snippet":"max-snippet:-1","max-image-preview":"max-image-preview:large","max-video-preview":"max-video-preview:-1"},"canonical":"https:\/\/unitedhospiceinc.org\/es\/our-care-services\/conquering-health-disparities\/","og_locale":"es_MX","og_type":"article","og_title":"Conquering Health Disparities | United Hospice","og_description":"Discover how United Hospice Inc. addresses health disparities through compassionate care services, promoting equitable access to healthcare for all communities.","og_url":"https:\/\/unitedhospiceinc.org\/es\/our-care-services\/conquering-health-disparities\/","og_site_name":"United Hospice","article_modified_time":"2024-12-12T15:48:47+00:00","og_image":[{"width":400,"height":208,"url":"https:\/\/unitedhospiceinc.org\/wp-content\/uploads\/2024\/01\/logo-email.png","type":"image\/png"}],"twitter_card":"summary_large_image","twitter_misc":{"Tiempo de lectura":"2 minutos"},"schema":{"@context":"https:\/\/schema.org","@graph":[{"@type":"WebPage","@id":"https:\/\/unitedhospiceinc.org\/our-care-services\/conquering-health-disparities\/","url":"https:\/\/unitedhospiceinc.org\/our-care-services\/conquering-health-disparities\/","name":"Conquistar las disparidades sanitarias | United Hospice","isPartOf":{"@id":"https:\/\/unitedhospiceinc.org\/#website"},"datePublished":"2021-06-23T06:33:32+00:00","dateModified":"2024-12-12T15:48:47+00:00","description":"Descubra c\u00f3mo United Hospice Inc. aborda las disparidades sanitarias mediante servicios de atenci\u00f3n compasiva, promoviendo el acceso equitativo a la atenci\u00f3n sanitaria para todas las comunidades.","breadcrumb":{"@id":"https:\/\/unitedhospiceinc.org\/our-care-services\/conquering-health-disparities\/#breadcrumb"},"inLanguage":"es","potentialAction":[{"@type":"ReadAction","target":["https:\/\/unitedhospiceinc.org\/our-care-services\/conquering-health-disparities\/"]}]},{"@type":"BreadcrumbList","@id":"https:\/\/unitedhospiceinc.org\/our-care-services\/conquering-health-disparities\/#breadcrumb","itemListElement":[{"@type":"ListItem","position":1,"name":"Home","item":"https:\/\/unitedhospiceinc.org\/"},{"@type":"ListItem","position":2,"name":"Our Care Services","item":"https:\/\/unitedhospiceinc.org\/our-care-services\/"},{"@type":"ListItem","position":3,"name":"Conquering Health Disparities"}]},{"@type":"WebSite","@id":"https:\/\/unitedhospiceinc.org\/#website","url":"https:\/\/unitedhospiceinc.org\/","name":"Hospicio Unido","description":"Vivir con comodidad cuando el tiempo es lo m\u00e1s importante","potentialAction":[{"@type":"SearchAction","target":{"@type":"EntryPoint","urlTemplate":"https:\/\/unitedhospiceinc.org\/?s={search_term_string}"},"query-input":{"@type":"PropertyValueSpecification","valueRequired":true,"valueName":"search_term_string"}}],"inLanguage":"es"}]}},"_links":{"self":[{"href":"https:\/\/unitedhospiceinc.org\/es\/wp-json\/wp\/v2\/pages\/930","targetHints":{"allow":["GET"]}}],"collection":[{"href":"https:\/\/unitedhospiceinc.org\/es\/wp-json\/wp\/v2\/pages"}],"about":[{"href":"https:\/\/unitedhospiceinc.org\/es\/wp-json\/wp\/v2\/types\/page"}],"author":[{"embeddable":true,"href":"https:\/\/unitedhospiceinc.org\/es\/wp-json\/wp\/v2\/users\/4"}],"replies":[{"embeddable":true,"href":"https:\/\/unitedhospiceinc.org\/es\/wp-json\/wp\/v2\/comments?post=930"}],"version-history":[{"count":0,"href":"https:\/\/unitedhospiceinc.org\/es\/wp-json\/wp\/v2\/pages\/930\/revisions"}],"up":[{"embeddable":true,"href":"https:\/\/unitedhospiceinc.org\/es\/wp-json\/wp\/v2\/pages\/462"}],"wp:attachment":[{"href":"https:\/\/unitedhospiceinc.org\/es\/wp-json\/wp\/v2\/media?parent=930"}],"curies":[{"name":"wp","href":"https:\/\/api.w.org\/{rel}","templated":true}]}}