{"id":726,"date":"2021-06-21T14:18:57","date_gmt":"2021-06-21T14:18:57","guid":{"rendered":"https:\/\/unitedhospiceinc.org\/?page_id=726"},"modified":"2023-08-11T12:45:53","modified_gmt":"2023-08-11T16:45:53","slug":"paying-for-hospice","status":"publish","type":"page","link":"https:\/\/unitedhospiceinc.org\/es\/paying-for-hospice\/","title":{"rendered":"C\u00f3mo pagar los cuidados paliativos"},"content":{"rendered":"<p>[et_pb_section fb_built=&#8221;1&#8243; fullwidth=&#8221;on&#8221; _builder_version=&#8221;4.21.0&#8243; _module_preset=&#8221;default&#8221; hover_enabled=&#8221;0&#8243; da_disable_devices=&#8221;off|off|off&#8221; global_colors_info=&#8221;{}&#8221; sticky_enabled=&#8221;0&#8243; da_is_popup=&#8221;off&#8221; da_exit_intent=&#8221;off&#8221; da_has_close=&#8221;on&#8221; da_alt_close=&#8221;off&#8221; da_dark_close=&#8221;off&#8221; da_not_modal=&#8221;on&#8221; da_is_singular=&#8221;off&#8221; da_with_loader=&#8221;off&#8221; da_has_shadow=&#8221;on&#8221;][et_pb_nextend_smart_slider_3_fullwidth slider=&#8221;36&#8243; _builder_version=&#8221;4.21.0&#8243; _module_preset=&#8221;default&#8221; global_colors_info=&#8221;{}&#8221; hover_enabled=&#8221;0&#8243; sticky_enabled=&#8221;0&#8243;][\/et_pb_nextend_smart_slider_3_fullwidth][\/et_pb_section][et_pb_section fb_built=&#8221;1&#8243; _builder_version=&#8221;4.16&#8243; _module_preset=&#8221;default&#8221; background_color=&#8221;rgba(0,167,181,0.04)&#8221; da_disable_devices=&#8221;off|off|off&#8221; global_colors_info=&#8221;{}&#8221; da_is_popup=&#8221;off&#8221; da_exit_intent=&#8221;off&#8221; da_has_close=&#8221;on&#8221; da_alt_close=&#8221;off&#8221; da_dark_close=&#8221;off&#8221; da_not_modal=&#8221;on&#8221; da_is_singular=&#8221;off&#8221; da_with_loader=&#8221;off&#8221; da_has_shadow=&#8221;on&#8221;][et_pb_row _builder_version=&#8221;4.16&#8243; _module_preset=&#8221;default&#8221; locked=&#8221;off&#8221; global_colors_info=&#8221;{}&#8221;][et_pb_column type=&#8221;4_4&#8243; _builder_version=&#8221;4.16&#8243; _module_preset=&#8221;default&#8221; global_colors_info=&#8221;{}&#8221;][et_pb_text admin_label=&#8221;Text&#8221; _builder_version=&#8221;4.22.0&#8243; _module_preset=&#8221;default&#8221; header_3_font=&#8221;Open Sans Condensed|600|||||||&#8221; header_3_text_color=&#8221;#00A7B5&#8243; header_3_font_size=&#8221;47px&#8221; header_3_letter_spacing=&#8221;-1px&#8221; header_3_line_height=&#8221;1.2em&#8221; header_4_font=&#8221;|600|||||||&#8221; header_4_text_color=&#8221;#01426A&#8221; header_4_font_size=&#8221;24px&#8221; hover_enabled=&#8221;0&#8243; header_3_font_size_tablet=&#8221;32px&#8221; header_3_font_size_phone=&#8221;&#8221; header_3_font_size_last_edited=&#8221;on|phone&#8221; global_colors_info=&#8221;{}&#8221; header_2_text_color=&#8221;#00A7B5&#8243; header_2_font=&#8221;|600|||||||&#8221; sticky_enabled=&#8221;0&#8243;]<\/p>\n<h2>The last thing you need to worry about after the diagnosis of a serious illness is how to afford paying for care.<\/h2>\n<p>[\/et_pb_text][et_pb_text _builder_version=&#8221;4.16&#8243; _module_preset=&#8221;default&#8221; global_colors_info=&#8221;{}&#8221;]<\/p>\n<p>One of the main concerns when it comes to making a decision to elect hospice is\u2026.<\/p>\n<p>[\/et_pb_text][et_pb_accordion open_toggle_text_color=&#8221;#00A7B5&#8243; open_toggle_background_color=&#8221;#FFFFFF&#8221; closed_toggle_background_color=&#8221;#fcfcfc&#8221; _builder_version=&#8221;4.22.0&#8243; _module_preset=&#8221;default&#8221; toggle_text_color=&#8221;#01426A&#8221; toggle_level=&#8221;h3&#8243; toggle_font=&#8221;|600|||||||&#8221; toggle_font_size=&#8221;32px&#8221; hover_enabled=&#8221;0&#8243; border_width_all=&#8221;0px&#8221; locked=&#8221;off&#8221; global_colors_info=&#8221;{}&#8221; sticky_enabled=&#8221;0&#8243;][et_pb_accordion_item title=&#8221;How Will I Pay For Services?&#8221; open=&#8221;on&#8221; open_toggle_background_color=&#8221;#ffffff&#8221; closed_toggle_background_color=&#8221;#f2f2f2&#8243; _builder_version=&#8221;4.22.0&#8243; _module_preset=&#8221;default&#8221; hover_enabled=&#8221;0&#8243; border_width_all=&#8221;1px&#8221; global_colors_info=&#8221;{}&#8221; title__hover_enabled=&#8221;off|desktop&#8221; toggle_level=&#8221;h3&#8243; sticky_enabled=&#8221;0&#8243;]<\/p>\n<p><span style=\"font-weight: 400;\">We have some news that will hopefully bring you peace!<\/span><\/p>\n<p><span style=\"font-weight: 400;\">Most insurance carriers <\/span><i><span style=\"font-weight: 400;\">(including Medicare and Medicaid)<\/span><\/i><span style=\"font-weight: 400;\"> cover hospice care. Our staff has experience working with your insurance companies. They will work with you and your insurers to determine coverage and obtain the necessary authorizations.\u00a0<\/span><\/p>\n<p><span style=\"font-weight: 400;\">If you don\u2019t have insurance, don\u2019t worry! <\/span><\/p>\n<p><span style=\"font-weight: 400;\">United Hospice works with patients regardless of their ability to pay. If you do not have health insurance, you may qualify for charity care or reduced fees.<\/span><\/p>\n<p>[\/et_pb_accordion_item][et_pb_accordion_item title=&#8221;If I choose the Joe Raso Hospice Residence, how does payment for hospice services work? &#8221; open_toggle_background_color=&#8221;#ffffff&#8221; closed_toggle_background_color=&#8221;#f2f2f2&#8243; _builder_version=&#8221;4.22.0&#8243; _module_preset=&#8221;default&#8221; hover_enabled=&#8221;0&#8243; border_width_all=&#8221;1px&#8221; global_colors_info=&#8221;{}&#8221; title__hover_enabled=&#8221;off|desktop&#8221; open=&#8221;off&#8221; toggle_level=&#8221;h3&#8243; toggle_text_color=&#8221;#00A7B5&#8243; sticky_enabled=&#8221;0&#8243;]<\/p>\n<p><span data-preserver-spaces=\"true\">When you choose the Joe Raso Hospice Residence for hospice services, two different payments will be required to cover the cost of care.<\/span><\/p>\n<p><strong><span data-preserver-spaces=\"true\">First,<\/span><\/strong><span data-preserver-spaces=\"true\">\u00a0there is the payment that covers hospice services. Hospice care is most often,\u00a0<\/span><em><span data-preserver-spaces=\"true\">but not always<\/span><\/em><span data-preserver-spaces=\"true\">, covered by Medicare, Medicaid and private insurance. Our United Hospice Staff will work with the patient and their family to verify coverage for hospice services.<\/span><\/p>\n<p><strong><span data-preserver-spaces=\"true\">Second<\/span><\/strong><span data-preserver-spaces=\"true\">, the payment covers the residential services, including room and board. Room and board is covered by Medicaid\u00a0<\/span><em><span data-preserver-spaces=\"true\">(not Medicare)<\/span><\/em><span data-preserver-spaces=\"true\">\u00a0and may be reimbursed by some long-term care policies. Private payment for room and board is accepted if coverage is not available through insurance.\u00a0\u00a0<\/span><\/p>\n<p><span data-preserver-spaces=\"true\">Some of the residential services provided at the Joe Raso Hospice Residence include:<\/span><\/p>\n<ul>\n<li style=\"font-weight: 400;\" aria-level=\"1\"><span style=\"font-weight: 400;\">24 hour care provided by the nurses and hospice aides<\/span><\/li>\n<li style=\"font-weight: 400;\" aria-level=\"1\"><span style=\"font-weight: 400;\">Use of all public areas of the residence and grounds<\/span><\/li>\n<li style=\"font-weight: 400;\" aria-level=\"1\"><span style=\"font-weight: 400;\">In room accommodations to enable family members or significant others to remain throughout the night<\/span><\/li>\n<li style=\"font-weight: 400;\" aria-level=\"1\"><span style=\"font-weight: 400;\">Meals for residents<\/span><\/li>\n<li style=\"font-weight: 400;\" aria-level=\"1\"><span style=\"font-weight: 400;\">Snack foods for residents and guests<\/span><\/li>\n<li style=\"font-weight: 400;\" aria-level=\"1\"><span style=\"font-weight: 400;\">Housekeeping and linen services<\/span><\/li>\n<li style=\"font-weight: 400;\" aria-level=\"1\"><span style=\"font-weight: 400;\">Trash removal<\/span><\/li>\n<li style=\"font-weight: 400;\" aria-level=\"1\"><span style=\"font-weight: 400;\">Telephone and internet access<\/span><\/li>\n<li style=\"font-weight: 400;\" aria-level=\"1\"><span style=\"font-weight: 400;\">Television with basic cable service<\/span><\/li>\n<\/ul>\n<p>[\/et_pb_accordion_item][\/et_pb_accordion][et_pb_text _builder_version=&#8221;4.16&#8243; _module_preset=&#8221;default&#8221; global_colors_info=&#8221;{}&#8221;]<\/p>\n<p><span style=\"font-weight: 400;\">If you are considering Hospice Care and have questions or concerns about how you will pay for services, please call us at <a href=\"tel:845-634-4974\">845-634-4974<\/a>.\u00a0 We would be happy to discuss your needs and to have someone answer any questions you may have.<\/span><\/p>\n<p>[\/et_pb_text][\/et_pb_column][\/et_pb_row][\/et_pb_section]<\/p>\n","protected":false},"excerpt":{"rendered":"<p>The last thing you need to worry about after the diagnosis of a serious illness is how to afford paying for care.One of the main concerns when it comes to [&hellip;]<\/p>\n","protected":false},"author":4,"featured_media":0,"parent":0,"menu_order":0,"comment_status":"closed","ping_status":"closed","template":"","meta":{"_acf_changed":false,"_et_pb_use_builder":"on","_et_pb_old_content":"<!-- wp:divi\/placeholder \/-->","_et_gb_content_width":"","inline_featured_image":false,"footnotes":""},"class_list":["post-726","page","type-page","status-publish","hentry"],"acf":[],"yoast_head":"<!-- This site is optimized with the Yoast SEO plugin v27.4 - https:\/\/yoast.com\/product\/yoast-seo-wordpress\/ -->\n<title>Paying For Hospice - How it Works | How it works<\/title>\n<meta name=\"description\" content=\"Most insurance carriers cover hospice care. If you do not have health insurance, you may qualify for charity care or reduced fees.\" \/>\n<meta name=\"robots\" content=\"index, follow, max-snippet:-1, max-image-preview:large, max-video-preview:-1\" \/>\n<link rel=\"canonical\" href=\"https:\/\/unitedhospiceinc.org\/es\/paying-for-hospice\/\" \/>\n<meta property=\"og:locale\" content=\"es_MX\" \/>\n<meta property=\"og:type\" content=\"article\" \/>\n<meta property=\"og:title\" content=\"Paying For Hospice - How it Works | How it works\" \/>\n<meta property=\"og:description\" content=\"Most insurance carriers cover hospice care. If you do not have health insurance, you may qualify for charity care or reduced fees.\" \/>\n<meta property=\"og:url\" content=\"https:\/\/unitedhospiceinc.org\/es\/paying-for-hospice\/\" \/>\n<meta property=\"og:site_name\" content=\"United Hospice\" \/>\n<meta property=\"article:modified_time\" content=\"2023-08-11T16:45:53+00:00\" \/>\n<meta property=\"og:image\" content=\"https:\/\/unitedhospiceinc.org\/wp-content\/uploads\/2024\/01\/logo-email.png\" \/>\n\t<meta property=\"og:image:width\" content=\"400\" \/>\n\t<meta property=\"og:image:height\" content=\"208\" \/>\n\t<meta property=\"og:image:type\" content=\"image\/png\" \/>\n<meta name=\"twitter:card\" content=\"summary_large_image\" \/>\n<meta name=\"twitter:label1\" content=\"Tiempo de lectura\" \/>\n\t<meta name=\"twitter:data1\" content=\"3 minutos\" \/>\n<!-- \/ Yoast SEO plugin. -->","yoast_head_json":{"title":"Paying For Hospice - How it Works | C\u00f3mo funciona","description":"La mayor\u00eda de las compa\u00f1\u00edas de seguros cubren los cuidados paliativos. Si no tiene seguro m\u00e9dico, puede optar a cuidados caritativos o tarifas reducidas.","robots":{"index":"index","follow":"follow","max-snippet":"max-snippet:-1","max-image-preview":"max-image-preview:large","max-video-preview":"max-video-preview:-1"},"canonical":"https:\/\/unitedhospiceinc.org\/es\/paying-for-hospice\/","og_locale":"es_MX","og_type":"article","og_title":"Paying For Hospice - How it Works | How it works","og_description":"Most insurance carriers cover hospice care. If you do not have health insurance, you may qualify for charity care or reduced fees.","og_url":"https:\/\/unitedhospiceinc.org\/es\/paying-for-hospice\/","og_site_name":"United Hospice","article_modified_time":"2023-08-11T16:45:53+00:00","og_image":[{"width":400,"height":208,"url":"https:\/\/unitedhospiceinc.org\/wp-content\/uploads\/2024\/01\/logo-email.png","type":"image\/png"}],"twitter_card":"summary_large_image","twitter_misc":{"Tiempo de lectura":"3 minutos"},"schema":{"@context":"https:\/\/schema.org","@graph":[{"@type":"WebPage","@id":"https:\/\/unitedhospiceinc.org\/paying-for-hospice\/","url":"https:\/\/unitedhospiceinc.org\/paying-for-hospice\/","name":"Paying For Hospice - How it Works | C\u00f3mo funciona","isPartOf":{"@id":"https:\/\/unitedhospiceinc.org\/#website"},"datePublished":"2021-06-21T14:18:57+00:00","dateModified":"2023-08-11T16:45:53+00:00","description":"La mayor\u00eda de las compa\u00f1\u00edas de seguros cubren los cuidados paliativos. Si no tiene seguro m\u00e9dico, puede optar a cuidados caritativos o tarifas reducidas.","breadcrumb":{"@id":"https:\/\/unitedhospiceinc.org\/paying-for-hospice\/#breadcrumb"},"inLanguage":"es","potentialAction":[{"@type":"ReadAction","target":["https:\/\/unitedhospiceinc.org\/paying-for-hospice\/"]}]},{"@type":"BreadcrumbList","@id":"https:\/\/unitedhospiceinc.org\/paying-for-hospice\/#breadcrumb","itemListElement":[{"@type":"ListItem","position":1,"name":"Home","item":"https:\/\/unitedhospiceinc.org\/"},{"@type":"ListItem","position":2,"name":"Paying For Hospice &#8211; How it Works"}]},{"@type":"WebSite","@id":"https:\/\/unitedhospiceinc.org\/#website","url":"https:\/\/unitedhospiceinc.org\/","name":"Hospicio Unido","description":"Vivir con comodidad cuando el tiempo es lo m\u00e1s importante","potentialAction":[{"@type":"SearchAction","target":{"@type":"EntryPoint","urlTemplate":"https:\/\/unitedhospiceinc.org\/?s={search_term_string}"},"query-input":{"@type":"PropertyValueSpecification","valueRequired":true,"valueName":"search_term_string"}}],"inLanguage":"es"}]}},"_links":{"self":[{"href":"https:\/\/unitedhospiceinc.org\/es\/wp-json\/wp\/v2\/pages\/726","targetHints":{"allow":["GET"]}}],"collection":[{"href":"https:\/\/unitedhospiceinc.org\/es\/wp-json\/wp\/v2\/pages"}],"about":[{"href":"https:\/\/unitedhospiceinc.org\/es\/wp-json\/wp\/v2\/types\/page"}],"author":[{"embeddable":true,"href":"https:\/\/unitedhospiceinc.org\/es\/wp-json\/wp\/v2\/users\/4"}],"replies":[{"embeddable":true,"href":"https:\/\/unitedhospiceinc.org\/es\/wp-json\/wp\/v2\/comments?post=726"}],"version-history":[{"count":0,"href":"https:\/\/unitedhospiceinc.org\/es\/wp-json\/wp\/v2\/pages\/726\/revisions"}],"wp:attachment":[{"href":"https:\/\/unitedhospiceinc.org\/es\/wp-json\/wp\/v2\/media?parent=726"}],"curies":[{"name":"wp","href":"https:\/\/api.w.org\/{rel}","templated":true}]}}