{"id":721,"date":"2021-06-21T14:17:50","date_gmt":"2021-06-21T14:17:50","guid":{"rendered":"https:\/\/unitedhospiceinc.org\/?page_id=721"},"modified":"2025-08-07T10:46:41","modified_gmt":"2025-08-07T14:46:41","slug":"is-it-time-for-hospice","status":"publish","type":"page","link":"https:\/\/unitedhospiceinc.org\/es\/is-it-time-for-hospice\/","title":{"rendered":"\u00bfHa llegado la hora del hospicio?"},"content":{"rendered":"<p>[et_pb_section fb_built=&#8221;1&#8243; fullwidth=&#8221;on&#8221; _builder_version=&#8221;4.21.0&#8243; _module_preset=&#8221;default&#8221; da_disable_devices=&#8221;off|off|off&#8221; global_colors_info=&#8221;{}&#8221; da_is_popup=&#8221;off&#8221; da_exit_intent=&#8221;off&#8221; da_has_close=&#8221;on&#8221; da_alt_close=&#8221;off&#8221; da_dark_close=&#8221;off&#8221; da_not_modal=&#8221;on&#8221; da_is_singular=&#8221;off&#8221; da_with_loader=&#8221;off&#8221; da_has_shadow=&#8221;on&#8221;][et_pb_nextend_smart_slider_3_fullwidth slider=&#8221;21&#8243; _builder_version=&#8221;4.21.0&#8243; _module_preset=&#8221;default&#8221; global_colors_info=&#8221;{}&#8221;][\/et_pb_nextend_smart_slider_3_fullwidth][\/et_pb_section][et_pb_section fb_built=&#8221;1&#8243; _builder_version=&#8221;4.16&#8243; _module_preset=&#8221;default&#8221; background_color=&#8221;#FFFFFF&#8221; custom_padding=&#8221;||2px|||&#8221; da_disable_devices=&#8221;off|off|off&#8221; global_colors_info=&#8221;{}&#8221; da_is_popup=&#8221;off&#8221; da_exit_intent=&#8221;off&#8221; da_has_close=&#8221;on&#8221; da_alt_close=&#8221;off&#8221; da_dark_close=&#8221;off&#8221; da_not_modal=&#8221;on&#8221; da_is_singular=&#8221;off&#8221; da_with_loader=&#8221;off&#8221; da_has_shadow=&#8221;on&#8221;][et_pb_row column_structure=&#8221;1_2,1_2&#8243; _builder_version=&#8221;4.16&#8243; _module_preset=&#8221;default&#8221; locked=&#8221;off&#8221; global_colors_info=&#8221;{}&#8221;][et_pb_column type=&#8221;1_2&#8243; _builder_version=&#8221;4.16&#8243; _module_preset=&#8221;default&#8221; global_colors_info=&#8221;{}&#8221;][et_pb_text _builder_version=&#8221;4.16&#8243; _module_preset=&#8221;default&#8221; global_colors_info=&#8221;{}&#8221;]<\/p>\n<p>Receiving the diagnosis of a life-limiting illness is one of the most challenging situations you will ever face. You and your family will likely experience various emotions and have many questions.<\/p>\n<p>One of the most common is\u2026<\/p>\n<p>[\/et_pb_text][et_pb_text _builder_version=&#8221;4.22.2&#8243; _module_preset=&#8221;default&#8221; header_2_font=&#8221;|700|||||||&#8221; header_2_text_color=&#8221;#00A7B5&#8243; header_3_font=&#8221;Open Sans Condensed|600|||||||&#8221; header_3_text_align=&#8221;left&#8221; header_3_text_color=&#8221;#00A7B5&#8243; header_3_font_size=&#8221;47px&#8221; header_3_letter_spacing=&#8221;-1px&#8221; header_3_line_height=&#8221;1.2em&#8221; header_4_font=&#8221;|600|||||||&#8221; header_4_text_color=&#8221;#01426A&#8221; header_4_font_size=&#8221;24px&#8221; header_3_font_size_tablet=&#8221;32px&#8221; header_3_font_size_phone=&#8221;&#8221; header_3_font_size_last_edited=&#8221;on|phone&#8221; global_colors_info=&#8221;{}&#8221;]<\/p>\n<h2>Is It Time For Hospice Care?<\/h2>\n<p>[\/et_pb_text][et_pb_text _builder_version=&#8221;4.16&#8243; _module_preset=&#8221;default&#8221; global_colors_info=&#8221;{}&#8221;]<\/p>\n<p><span data-preserver-spaces=\"true\">It is never too soon to call Hospice. Shortly after you have received a diagnosis is the best time for the conversation to begin. The earlier United Hospice becomes involved, the sooner we can help and the better the outcome for the entire family. You can start to gather information, explore your loved one&#8217;s wishes and focus on living in comfort with their remaining time. We frequently hear from patients and their families that have benefited from our services <\/span><em><span data-preserver-spaces=\"true\">&#8220;I wish I had called Hospice sooner.&#8221;<\/span><\/em><\/p>\n<p><span data-preserver-spaces=\"true\">Another is\u2026<\/span><\/p>\n<p>[\/et_pb_text][\/et_pb_column][et_pb_column type=&#8221;1_2&#8243; _builder_version=&#8221;4.16&#8243; _module_preset=&#8221;default&#8221; global_colors_info=&#8221;{}&#8221;][et_pb_image src=&#8221;https:\/\/unitedhospiceinc.org\/wp-content\/uploads\/2022\/01\/Is-it-time-for-hospice-2.png&#8221; title_text=&#8221;Is it time for hospice 2&#8243; _builder_version=&#8221;4.16&#8243; _module_preset=&#8221;default&#8221; border_radii=&#8221;on|35px|35px|35px|35px&#8221; global_colors_info=&#8221;{}&#8221;][\/et_pb_image][et_pb_button button_url=&#8221;https:\/\/unitedhospiceinc.org\/self-assessment-questionnaire\/&#8221; button_text=&#8221;Take the Self-Assessment Questionnaire&#8221; button_alignment=&#8221;center&#8221; _builder_version=&#8221;4.24.2&#8243; _module_preset=&#8221;default&#8221; custom_margin=&#8221;10px||10px||false|false&#8221; global_colors_info=&#8221;{}&#8221;][\/et_pb_button][\/et_pb_column][\/et_pb_row][\/et_pb_section][et_pb_section fb_built=&#8221;1&#8243; _builder_version=&#8221;4.16&#8243; _module_preset=&#8221;default&#8221; background_enable_color=&#8221;off&#8221; custom_padding=&#8221;0px|||||&#8221; da_disable_devices=&#8221;off|off|off&#8221; global_colors_info=&#8221;{}&#8221; da_is_popup=&#8221;off&#8221; da_exit_intent=&#8221;off&#8221; da_has_close=&#8221;on&#8221; da_alt_close=&#8221;off&#8221; da_dark_close=&#8221;off&#8221; da_not_modal=&#8221;on&#8221; da_is_singular=&#8221;off&#8221; da_with_loader=&#8221;off&#8221; da_has_shadow=&#8221;on&#8221;][et_pb_row _builder_version=&#8221;4.16&#8243; _module_preset=&#8221;default&#8221; custom_padding=&#8221;0px||||false|false&#8221; locked=&#8221;off&#8221; global_colors_info=&#8221;{}&#8221;][et_pb_column type=&#8221;4_4&#8243; _builder_version=&#8221;4.16&#8243; _module_preset=&#8221;default&#8221; global_colors_info=&#8221;{}&#8221;][et_pb_text _builder_version=&#8221;4.22.2&#8243; _module_preset=&#8221;default&#8221; header_2_font=&#8221;|700|||||||&#8221; header_2_text_color=&#8221;#00A7B5&#8243; header_3_font=&#8221;Open Sans Condensed|600|||||||&#8221; header_3_text_align=&#8221;left&#8221; header_3_text_color=&#8221;#00A7B5&#8243; header_3_font_size=&#8221;47px&#8221; header_3_letter_spacing=&#8221;-1px&#8221; header_3_line_height=&#8221;1.2em&#8221; header_4_font=&#8221;|600|||||||&#8221; header_4_text_color=&#8221;#01426A&#8221; header_4_font_size=&#8221;24px&#8221; header_3_font_size_tablet=&#8221;32px&#8221; header_3_font_size_phone=&#8221;&#8221; header_3_font_size_last_edited=&#8221;on|phone&#8221; global_colors_info=&#8221;{}&#8221;]<\/p>\n<h2>Am I Eligible For Hospice Services?<\/h2>\n<p>[\/et_pb_text][\/et_pb_column][\/et_pb_row][et_pb_row _builder_version=&#8221;4.16&#8243; _module_preset=&#8221;default&#8221; custom_padding=&#8221;0px||||false|false&#8221; locked=&#8221;off&#8221; global_colors_info=&#8221;{}&#8221;][et_pb_column type=&#8221;4_4&#8243; _builder_version=&#8221;4.16&#8243; _module_preset=&#8221;default&#8221; global_colors_info=&#8221;{}&#8221;][et_pb_text _builder_version=&#8221;4.16&#8243; _module_preset=&#8221;default&#8221; global_colors_info=&#8221;{}&#8221;]<\/p>\n<p><span style=\"font-weight: 400;\">If you answer yes to any of the following questions, you or your loved one may be eligible for hospice services:<\/span><\/p>\n<p>[\/et_pb_text][et_pb_blurb title=&#8221;Is treatment no longer helping, working or desired?&#8221; use_icon=&#8221;on&#8221; font_icon=&#8221;&#x24;||divi||400&#8243; icon_placement=&#8221;left&#8221; image_icon_width=&#8221;40px&#8221; content_max_width=&#8221;100%&#8221; _builder_version=&#8221;4.16&#8243; _module_preset=&#8221;default&#8221; header_font=&#8221;|600|||||||&#8221; header_text_color=&#8221;#234561&#8243; header_font_size=&#8221;24px&#8221; icon_font_size=&#8221;40px&#8221; global_colors_info=&#8221;{}&#8221; header_3_font_size_tablet=&#8221;32px&#8221; header_3_font_size_last_edited=&#8221;on|phone&#8221; header_3_font_size_phone=&#8221;32px&#8221;][\/et_pb_blurb][et_pb_blurb title=&#8221;Has the patient experienced one or more life-threatening infections during the past six months? (such as pneumonia or sepsis)&#8221; use_icon=&#8221;on&#8221; font_icon=&#8221;&#x24;||divi||400&#8243; icon_placement=&#8221;left&#8221; image_icon_width=&#8221;40px&#8221; content_max_width=&#8221;100%&#8221; _builder_version=&#8221;4.16&#8243; _module_preset=&#8221;default&#8221; header_font=&#8221;|600|||||||&#8221; header_text_color=&#8221;#234561&#8243; header_font_size=&#8221;24px&#8221; icon_font_size=&#8221;40px&#8221; global_colors_info=&#8221;{}&#8221; header_3_font_size_tablet=&#8221;32px&#8221; header_3_font_size_last_edited=&#8221;on|phone&#8221; header_3_font_size_phone=&#8221;32px&#8221;][\/et_pb_blurb][et_pb_blurb title=&#8221;Have there been multiple admissions to the hospital or trips to the emergency room during the past year?&#8221; use_icon=&#8221;on&#8221; font_icon=&#8221;&#x24;||divi||400&#8243; icon_placement=&#8221;left&#8221; image_icon_width=&#8221;40px&#8221; content_max_width=&#8221;100%&#8221; _builder_version=&#8221;4.16&#8243; _module_preset=&#8221;default&#8221; header_font=&#8221;|600|||||||&#8221; header_text_color=&#8221;#234561&#8243; header_font_size=&#8221;24px&#8221; icon_font_size=&#8221;40px&#8221; global_colors_info=&#8221;{}&#8221; header_3_font_size_tablet=&#8221;32px&#8221; header_3_font_size_last_edited=&#8221;on|phone&#8221; header_3_font_size_phone=&#8221;32px&#8221;][\/et_pb_blurb][et_pb_blurb title=&#8221;Has there been unintentional weight loss and\/or decreased food intake? &#8221; use_icon=&#8221;on&#8221; font_icon=&#8221;&#x24;||divi||400&#8243; icon_placement=&#8221;left&#8221; image_icon_width=&#8221;40px&#8221; content_max_width=&#8221;100%&#8221; _builder_version=&#8221;4.16&#8243; _module_preset=&#8221;default&#8221; header_font=&#8221;|600|||||||&#8221; header_text_color=&#8221;#234561&#8243; header_font_size=&#8221;24px&#8221; icon_font_size=&#8221;40px&#8221; global_colors_info=&#8221;{}&#8221; header_3_font_size_tablet=&#8221;32px&#8221; header_3_font_size_last_edited=&#8221;on|phone&#8221; header_3_font_size_phone=&#8221;32px&#8221;][\/et_pb_blurb][et_pb_blurb title=&#8221;Is there difficulty swallowing? Has a physician suggested placement of a feeding tube?&#8221; use_icon=&#8221;on&#8221; font_icon=&#8221;&#x24;||divi||400&#8243; icon_placement=&#8221;left&#8221; image_icon_width=&#8221;40px&#8221; content_max_width=&#8221;100%&#8221; _builder_version=&#8221;4.16&#8243; _module_preset=&#8221;default&#8221; header_font=&#8221;|600|||||||&#8221; header_text_color=&#8221;#234561&#8243; header_font_size=&#8221;24px&#8221; icon_font_size=&#8221;40px&#8221; global_colors_info=&#8221;{}&#8221; header_3_font_size_tablet=&#8221;32px&#8221; header_3_font_size_last_edited=&#8221;on|phone&#8221; header_3_font_size_phone=&#8221;32px&#8221;][\/et_pb_blurb][et_pb_blurb title=&#8221;Has there been a continued decline in ability to function?&#8221; use_icon=&#8221;on&#8221; font_icon=&#8221;&#x24;||divi||400&#8243; icon_placement=&#8221;left&#8221; image_icon_width=&#8221;40px&#8221; content_max_width=&#8221;100%&#8221; _builder_version=&#8221;4.16&#8243; _module_preset=&#8221;default&#8221; header_font=&#8221;|600|||||||&#8221; header_text_color=&#8221;#234561&#8243; header_font_size=&#8221;24px&#8221; icon_font_size=&#8221;40px&#8221; global_colors_info=&#8221;{}&#8221; header_3_font_size_tablet=&#8221;32px&#8221; header_3_font_size_last_edited=&#8221;on|phone&#8221; header_3_font_size_phone=&#8221;32px&#8221;][\/et_pb_blurb][et_pb_blurb title=&#8221;Have you been told that there is no further treatment available and care should focus on providing comfort or relieving distressing symptoms as opposed to disease-directed\/life-extending interventions?&#8221; use_icon=&#8221;on&#8221; font_icon=&#8221;&#x24;||divi||400&#8243; icon_placement=&#8221;left&#8221; image_icon_width=&#8221;40px&#8221; content_max_width=&#8221;100%&#8221; _builder_version=&#8221;4.16&#8243; _module_preset=&#8221;default&#8221; header_font=&#8221;|600|||||||&#8221; header_text_color=&#8221;#234561&#8243; header_font_size=&#8221;24px&#8221; icon_font_size=&#8221;40px&#8221; global_colors_info=&#8221;{}&#8221; header_3_font_size_tablet=&#8221;32px&#8221; header_3_font_size_last_edited=&#8221;on|phone&#8221; header_3_font_size_phone=&#8221;32px&#8221;][\/et_pb_blurb][et_pb_blurb title=&#8221;Is it becoming increasingly difficult for the caregiver to care for the patient?&#8221; use_icon=&#8221;on&#8221; font_icon=&#8221;&#x24;||divi||400&#8243; icon_placement=&#8221;left&#8221; image_icon_width=&#8221;40px&#8221; content_max_width=&#8221;100%&#8221; _builder_version=&#8221;4.16&#8243; _module_preset=&#8221;default&#8221; header_font=&#8221;|600|||||||&#8221; header_text_color=&#8221;#234561&#8243; header_font_size=&#8221;24px&#8221; icon_font_size=&#8221;40px&#8221; global_colors_info=&#8221;{}&#8221; header_3_font_size_tablet=&#8221;32px&#8221; header_3_font_size_last_edited=&#8221;on|phone&#8221; header_3_font_size_phone=&#8221;32px&#8221;][\/et_pb_blurb][et_pb_blurb title=&#8221;Has a medical professional provided information that leads you to believe the patient has a limited life expectancy?&#8221; use_icon=&#8221;on&#8221; font_icon=&#8221;&#x24;||divi||400&#8243; icon_placement=&#8221;left&#8221; image_icon_width=&#8221;40px&#8221; content_max_width=&#8221;100%&#8221; _builder_version=&#8221;4.16&#8243; _module_preset=&#8221;default&#8221; header_font=&#8221;|600|||||||&#8221; header_text_color=&#8221;#234561&#8243; header_font_size=&#8221;24px&#8221; icon_font_size=&#8221;40px&#8221; global_colors_info=&#8221;{}&#8221; header_3_font_size_tablet=&#8221;32px&#8221; header_3_font_size_last_edited=&#8221;on|phone&#8221; header_3_font_size_phone=&#8221;32px&#8221;][\/et_pb_blurb][et_pb_text _builder_version=&#8221;4.24.2&#8243; _module_preset=&#8221;default&#8221; global_colors_info=&#8221;{}&#8221;]<\/p>\n<p><span style=\"font-weight: 400;\">The above list is by no means a complete list. You don\u2019t have to face this hard time alone. United Hospice exists to provide support for patients and their families. Please call us at <a href=\"tel:845-634-4974\">845-634-4974<\/a> to discuss your personal situation and we will contact your doctor and meet with you to help determine the right time for services to begin.\u00a0<\/span><\/p>\n<p>[\/et_pb_text][et_pb_button button_url=&#8221;https:\/\/unitedhospiceinc.org\/self-assessment-questionnaire\/&#8221; button_text=&#8221;Take the Self-Assessment Questionnaire&#8221; _builder_version=&#8221;4.24.2&#8243; _module_preset=&#8221;default&#8221; custom_margin=&#8221;20px||20px||false|false&#8221; global_colors_info=&#8221;{}&#8221;][\/et_pb_button][et_pb_text _builder_version=&#8221;4.24.2&#8243; _module_preset=&#8221;default&#8221; global_colors_info=&#8221;{}&#8221;]<\/p>\n<p>Calling Hospice is not giving up. It is a positive step toward getting the compassion and assistance you need. It is deciding to live in comfort when time matters most!<\/p>\n<p>[\/et_pb_text][et_pb_text admin_label=&#8221;Headline&#8221; _builder_version=&#8221;4.27.4&#8243; _module_preset=&#8221;default&#8221; header_2_font=&#8221;|700|||||||&#8221; header_2_text_color=&#8221;#00A7B5&#8243; header_3_font=&#8221;Open Sans Condensed|600|||||||&#8221; header_3_text_align=&#8221;left&#8221; header_3_text_color=&#8221;#00A7B5&#8243; header_3_font_size=&#8221;47px&#8221; header_3_letter_spacing=&#8221;-1px&#8221; header_3_line_height=&#8221;1.2em&#8221; header_4_font=&#8221;|600|||||||&#8221; header_4_text_color=&#8221;#01426A&#8221; header_4_font_size=&#8221;24px&#8221; custom_margin=&#8221;25px||7px||false|false&#8221; hover_enabled=&#8221;0&#8243; header_3_font_size_tablet=&#8221;32px&#8221; header_3_font_size_phone=&#8221;&#8221; header_3_font_size_last_edited=&#8221;on|phone&#8221; global_colors_info=&#8221;{}&#8221; sticky_enabled=&#8221;0&#8243;]<\/p>\n<h2>Read Our Guide to Hospice<\/h2>\n<p>[\/et_pb_text][et_pb_code admin_label=&#8221;Flipbook&#8221; _builder_version=&#8221;4.27.4&#8243; _module_preset=&#8221;default&#8221; global_colors_info=&#8221;{}&#8221;]<div class=\"real3dflipbook\" id=\"3_69da09b054840\" style=\"position:absolute;\"><\/div>[\/et_pb_code][\/et_pb_column][\/et_pb_row][\/et_pb_section]<\/p>\n","protected":false},"excerpt":{"rendered":"<p>Receiving the diagnosis of a life-limiting illness is one of the most challenging situations you will ever face. You and your family will likely experience various emotions and have many [&hellip;]<\/p>\n","protected":false},"author":4,"featured_media":0,"parent":0,"menu_order":0,"comment_status":"closed","ping_status":"closed","template":"","meta":{"_acf_changed":false,"_et_pb_use_builder":"on","_et_pb_old_content":"<!-- wp:divi\/placeholder \/-->","_et_gb_content_width":"","inline_featured_image":false,"footnotes":""},"class_list":["post-721","page","type-page","status-publish","hentry"],"acf":[],"yoast_head":"<!-- This site is optimized with the Yoast SEO plugin v27.3 - https:\/\/yoast.com\/product\/yoast-seo-wordpress\/ -->\n<title>Is It Time for Hospice Care? Signs and Considerations for Families<\/title>\n<meta name=\"description\" content=\"Shortly after diagnosis is the best time for the conversation to begin. The earlier United Hospice becomes involved, the sooner we can help.\" \/>\n<meta name=\"robots\" content=\"index, follow, max-snippet:-1, max-image-preview:large, max-video-preview:-1\" \/>\n<link rel=\"canonical\" href=\"https:\/\/unitedhospiceinc.org\/es\/is-it-time-for-hospice\/\" \/>\n<meta property=\"og:locale\" content=\"es_MX\" \/>\n<meta property=\"og:type\" content=\"article\" \/>\n<meta property=\"og:title\" content=\"Is It Time for Hospice Care? Signs and Considerations for Families\" \/>\n<meta property=\"og:description\" content=\"Shortly after diagnosis is the best time for the conversation to begin. The earlier United Hospice becomes involved, the sooner we can help.\" \/>\n<meta property=\"og:url\" content=\"https:\/\/unitedhospiceinc.org\/es\/is-it-time-for-hospice\/\" \/>\n<meta property=\"og:site_name\" content=\"United Hospice\" \/>\n<meta property=\"article:modified_time\" content=\"2025-08-07T14:46:41+00:00\" \/>\n<meta property=\"og:image\" content=\"https:\/\/unitedhospiceinc.org\/wp-content\/uploads\/2024\/01\/logo-email.png\" \/>\n\t<meta property=\"og:image:width\" content=\"400\" \/>\n\t<meta property=\"og:image:height\" content=\"208\" \/>\n\t<meta property=\"og:image:type\" content=\"image\/png\" \/>\n<meta name=\"twitter:card\" content=\"summary_large_image\" \/>\n<meta name=\"twitter:label1\" content=\"Tiempo de lectura\" \/>\n\t<meta name=\"twitter:data1\" content=\"2 minutos\" \/>\n<!-- \/ Yoast SEO plugin. -->","yoast_head_json":{"title":"\u00bfHa llegado el momento de recibir cuidados paliativos? Signos y consideraciones para las familias","description":"Poco despu\u00e9s del diagn\u00f3stico es el mejor momento para iniciar la conversaci\u00f3n. Cuanto antes se involucre United Hospice, antes podremos ayudar.","robots":{"index":"index","follow":"follow","max-snippet":"max-snippet:-1","max-image-preview":"max-image-preview:large","max-video-preview":"max-video-preview:-1"},"canonical":"https:\/\/unitedhospiceinc.org\/es\/is-it-time-for-hospice\/","og_locale":"es_MX","og_type":"article","og_title":"Is It Time for Hospice Care? Signs and Considerations for Families","og_description":"Shortly after diagnosis is the best time for the conversation to begin. The earlier United Hospice becomes involved, the sooner we can help.","og_url":"https:\/\/unitedhospiceinc.org\/es\/is-it-time-for-hospice\/","og_site_name":"United Hospice","article_modified_time":"2025-08-07T14:46:41+00:00","og_image":[{"width":400,"height":208,"url":"https:\/\/unitedhospiceinc.org\/wp-content\/uploads\/2024\/01\/logo-email.png","type":"image\/png"}],"twitter_card":"summary_large_image","twitter_misc":{"Tiempo de lectura":"2 minutos"},"schema":{"@context":"https:\/\/schema.org","@graph":[{"@type":"WebPage","@id":"https:\/\/unitedhospiceinc.org\/is-it-time-for-hospice\/","url":"https:\/\/unitedhospiceinc.org\/is-it-time-for-hospice\/","name":"\u00bfHa llegado el momento de recibir cuidados paliativos? Signos y consideraciones para las familias","isPartOf":{"@id":"https:\/\/unitedhospiceinc.org\/#website"},"datePublished":"2021-06-21T14:17:50+00:00","dateModified":"2025-08-07T14:46:41+00:00","description":"Poco despu\u00e9s del diagn\u00f3stico es el mejor momento para iniciar la conversaci\u00f3n. Cuanto antes se involucre United Hospice, antes podremos ayudar.","breadcrumb":{"@id":"https:\/\/unitedhospiceinc.org\/is-it-time-for-hospice\/#breadcrumb"},"inLanguage":"es","potentialAction":[{"@type":"ReadAction","target":["https:\/\/unitedhospiceinc.org\/is-it-time-for-hospice\/"]}]},{"@type":"BreadcrumbList","@id":"https:\/\/unitedhospiceinc.org\/is-it-time-for-hospice\/#breadcrumb","itemListElement":[{"@type":"ListItem","position":1,"name":"Home","item":"https:\/\/unitedhospiceinc.org\/"},{"@type":"ListItem","position":2,"name":"Is It Time For Hospice?"}]},{"@type":"WebSite","@id":"https:\/\/unitedhospiceinc.org\/#website","url":"https:\/\/unitedhospiceinc.org\/","name":"Hospicio Unido","description":"Vivir con comodidad cuando el tiempo es lo m\u00e1s importante","potentialAction":[{"@type":"SearchAction","target":{"@type":"EntryPoint","urlTemplate":"https:\/\/unitedhospiceinc.org\/?s={search_term_string}"},"query-input":{"@type":"PropertyValueSpecification","valueRequired":true,"valueName":"search_term_string"}}],"inLanguage":"es"}]}},"_links":{"self":[{"href":"https:\/\/unitedhospiceinc.org\/es\/wp-json\/wp\/v2\/pages\/721","targetHints":{"allow":["GET"]}}],"collection":[{"href":"https:\/\/unitedhospiceinc.org\/es\/wp-json\/wp\/v2\/pages"}],"about":[{"href":"https:\/\/unitedhospiceinc.org\/es\/wp-json\/wp\/v2\/types\/page"}],"author":[{"embeddable":true,"href":"https:\/\/unitedhospiceinc.org\/es\/wp-json\/wp\/v2\/users\/4"}],"replies":[{"embeddable":true,"href":"https:\/\/unitedhospiceinc.org\/es\/wp-json\/wp\/v2\/comments?post=721"}],"version-history":[{"count":0,"href":"https:\/\/unitedhospiceinc.org\/es\/wp-json\/wp\/v2\/pages\/721\/revisions"}],"wp:attachment":[{"href":"https:\/\/unitedhospiceinc.org\/es\/wp-json\/wp\/v2\/media?parent=721"}],"curies":[{"name":"wp","href":"https:\/\/api.w.org\/{rel}","templated":true}]}}