{"id":5007,"date":"2025-03-15T11:58:48","date_gmt":"2025-03-15T15:58:48","guid":{"rendered":"https:\/\/unitedhospiceinc.org\/?page_id=5007"},"modified":"2025-03-20T12:12:50","modified_gmt":"2025-03-20T16:12:50","slug":"home-based-palliative-care","status":"publish","type":"page","link":"https:\/\/unitedhospiceinc.org\/es\/home-based-palliative-care\/","title":{"rendered":"Cuidados paliativos a domicilio"},"content":{"rendered":"<p>[et_pb_section fb_built=&#8221;1&#8243; _builder_version=&#8221;4.16&#8243; _module_preset=&#8221;default&#8221; background_color=&#8221;#00A7B5&#8243; da_disable_devices=&#8221;off|off|off&#8221; saved_tabs=&#8221;all&#8221; locked=&#8221;off&#8221; global_colors_info=&#8221;{}&#8221; da_is_popup=&#8221;off&#8221; da_exit_intent=&#8221;off&#8221; da_has_close=&#8221;on&#8221; da_alt_close=&#8221;off&#8221; da_dark_close=&#8221;off&#8221; da_not_modal=&#8221;on&#8221; da_is_singular=&#8221;off&#8221; da_with_loader=&#8221;off&#8221; da_has_shadow=&#8221;on&#8221;][et_pb_row _builder_version=&#8221;4.21.0&#8243; _module_preset=&#8221;default&#8221; custom_padding=&#8221;0px||0px||true|false&#8221; global_colors_info=&#8221;{}&#8221;][et_pb_column type=&#8221;4_4&#8243; _builder_version=&#8221;4.16&#8243; _module_preset=&#8221;default&#8221; global_colors_info=&#8221;{}&#8221;][et_pb_blurb title=&#8221;@ET-DC@eyJkeW5hbWljIjp0cnVlLCJjb250ZW50IjoicG9zdF90aXRsZSIsInNldHRpbmdzIjp7ImJlZm9yZSI6IiIsImFmdGVyIjoiIn19@&#8221; content_max_width=&#8221;100%&#8221; _builder_version=&#8221;4.27.4&#8243; _dynamic_attributes=&#8221;title&#8221; _module_preset=&#8221;default&#8221; header_level=&#8221;h1&#8243; header_font=&#8221;Baskervville||||||||&#8221; header_text_align=&#8221;left&#8221; header_text_color=&#8221;#FFFFFF&#8221; header_font_size=&#8221;50px&#8221; header_line_height=&#8221;1.2em&#8221; header_text_align_tablet=&#8221;center&#8221; header_text_align_phone=&#8221;&#8221; header_text_align_last_edited=&#8221;on|phone&#8221; header_font_size_tablet=&#8221;32px&#8221; header_font_size_phone=&#8221;&#8221; header_font_size_last_edited=&#8221;on|phone&#8221; custom_css_blurb_title=&#8221;text-transform:lowercase;&#8221; global_colors_info=&#8221;{}&#8221;][\/et_pb_blurb][\/et_pb_column][\/et_pb_row][\/et_pb_section][et_pb_section fb_built=&#8221;1&#8243; admin_label=&#8221;Section&#8221; _builder_version=&#8221;4.27.4&#8243; _module_preset=&#8221;7af211a6-13cc-4618-bc82-e0946e847b4d&#8221; background_image=&#8221;https:\/\/unitedhospiceinc.org\/wp-content\/uploads\/2025\/03\/5.jpg&#8221; parallax=&#8221;off&#8221; da_disable_devices=&#8221;off|off|off&#8221; locked=&#8221;off&#8221; global_colors_info=&#8221;{}&#8221; da_is_popup=&#8221;off&#8221; da_exit_intent=&#8221;off&#8221; da_has_close=&#8221;on&#8221; da_alt_close=&#8221;off&#8221; da_dark_close=&#8221;off&#8221; da_not_modal=&#8221;on&#8221; da_is_singular=&#8221;off&#8221; da_with_loader=&#8221;off&#8221; da_has_shadow=&#8221;on&#8221;][\/et_pb_section][et_pb_section fb_built=&#8221;1&#8243; _builder_version=&#8221;4.16&#8243; _module_preset=&#8221;default&#8221; background_color=&#8221;#FFFFFF&#8221; da_disable_devices=&#8221;off|off|off&#8221; global_colors_info=&#8221;{}&#8221; da_is_popup=&#8221;off&#8221; da_exit_intent=&#8221;off&#8221; da_has_close=&#8221;on&#8221; da_alt_close=&#8221;off&#8221; da_dark_close=&#8221;off&#8221; da_not_modal=&#8221;on&#8221; da_is_singular=&#8221;off&#8221; da_with_loader=&#8221;off&#8221; da_has_shadow=&#8221;on&#8221;][et_pb_row _builder_version=&#8221;4.16&#8243; _module_preset=&#8221;default&#8221; locked=&#8221;off&#8221; global_colors_info=&#8221;{}&#8221;][et_pb_column type=&#8221;4_4&#8243; _builder_version=&#8221;4.16&#8243; _module_preset=&#8221;default&#8221; global_colors_info=&#8221;{}&#8221;][et_pb_text _builder_version=&#8221;4.27.4&#8243; _module_preset=&#8221;default&#8221; header_3_font=&#8221;Open Sans Condensed|600|||||||&#8221; header_3_text_align=&#8221;center&#8221; header_3_text_color=&#8221;#00A7B5&#8243; header_3_font_size=&#8221;47px&#8221; header_3_letter_spacing=&#8221;-1px&#8221; header_3_line_height=&#8221;1.2em&#8221; header_4_font=&#8221;|600|||||||&#8221; header_4_text_color=&#8221;#01426A&#8221; header_4_font_size=&#8221;24px&#8221; header_3_font_size_tablet=&#8221;32px&#8221; header_3_font_size_phone=&#8221;&#8221; header_3_font_size_last_edited=&#8221;on|phone&#8221; global_colors_info=&#8221;{}&#8221;]<\/p>\n<h3>Living Well New York<br \/>\n<span style =\"display:block; font-size:70%;\">A program of United Hospice<\/span><\/h3>\n<p>[\/et_pb_text][\/et_pb_column][\/et_pb_row][et_pb_row column_structure=&#8221;1_2,1_2&#8243; _builder_version=&#8221;4.27.4&#8243; _module_preset=&#8221;default&#8221; custom_margin=&#8221;||20px||false|false&#8221; custom_padding=&#8221;||0px||false|false&#8221; locked=&#8221;off&#8221; global_colors_info=&#8221;{}&#8221;][et_pb_column type=&#8221;1_2&#8243; _builder_version=&#8221;4.16&#8243; _module_preset=&#8221;default&#8221; global_colors_info=&#8221;{}&#8221;][et_pb_text _builder_version=&#8221;4.27.4&#8243; _module_preset=&#8221;a95d1291-4312-4432-b9f9-e0f5149ec6ad&#8221; header_3_letter_spacing=&#8221;-2px&#8221; locked=&#8221;off&#8221; global_colors_info=&#8221;{}&#8221;]<\/p>\n<h2><span style=\"color: #00a7b5;\"><strong>Innovative Care at Home<\/strong><\/span><\/h2>\n<p>[\/et_pb_text][et_pb_text _builder_version=&#8221;4.27.4&#8243; _module_preset=&#8221;default&#8221; global_colors_info=&#8221;{}&#8221;]<\/p>\n<p>Developed by United Hospice\u2014Living Well New York Home-based Palliative Care allows seriously ill individuals to remain at home.<\/p>\n<p>This advanced care model utilizes an interdisciplinary team to deliver high quality care focused on alleviating pain and other symptoms associated with serious illness.<\/p>\n<p><strong>What is Palliative Care?<\/strong><\/p>\n<p>Palliative care is the comprehensive treatment of the discomfort, symptoms, and stress of serious illness. The goal of palliative care is to prevent and ease suffering\u2014and improve quality of life.<\/p>\n<p>It does not replace primary care treatment; palliative care works in congruence with the primary care treatment a patient is receiving.<\/p>\n<p>[\/et_pb_text][\/et_pb_column][et_pb_column type=&#8221;1_2&#8243; _builder_version=&#8221;4.16&#8243; _module_preset=&#8221;default&#8221; global_colors_info=&#8221;{}&#8221;][et_pb_image src=&#8221;https:\/\/unitedhospiceinc.org\/wp-content\/uploads\/2025\/03\/1.jpg&#8221; title_text=&#8221;1&#8243; _builder_version=&#8221;4.27.4&#8243; _module_preset=&#8221;default&#8221; border_radii=&#8221;on|35px|35px|35px|35px&#8221; global_colors_info=&#8221;{}&#8221;][\/et_pb_image][\/et_pb_column][\/et_pb_row][et_pb_row column_structure=&#8221;1_2,1_2&#8243; _builder_version=&#8221;4.27.4&#8243; _module_preset=&#8221;default&#8221; custom_margin=&#8221;20px||20px||false|false&#8221; custom_padding=&#8221;||0px||false|false&#8221; locked=&#8221;off&#8221; global_colors_info=&#8221;{}&#8221;][et_pb_column type=&#8221;1_2&#8243; _builder_version=&#8221;4.16&#8243; _module_preset=&#8221;default&#8221; global_colors_info=&#8221;{}&#8221;][et_pb_image src=&#8221;https:\/\/unitedhospiceinc.org\/wp-content\/uploads\/2025\/03\/2.jpg&#8221; title_text=&#8221;2&#8243; _builder_version=&#8221;4.27.4&#8243; _module_preset=&#8221;default&#8221; border_radii=&#8221;on|35px|35px|35px|35px&#8221; global_colors_info=&#8221;{}&#8221;][\/et_pb_image][\/et_pb_column][et_pb_column type=&#8221;1_2&#8243; _builder_version=&#8221;4.16&#8243; _module_preset=&#8221;default&#8221; global_colors_info=&#8221;{}&#8221;][et_pb_text _builder_version=&#8221;4.27.4&#8243; _module_preset=&#8221;a95d1291-4312-4432-b9f9-e0f5149ec6ad&#8221; header_3_letter_spacing=&#8221;-2px&#8221; locked=&#8221;off&#8221; global_colors_info=&#8221;{}&#8221;]<\/p>\n<h2><span style=\"color: #00a7b5;\"><strong>Quality of Life<\/strong><\/span><\/h2>\n<p>[\/et_pb_text][et_pb_text _builder_version=&#8221;4.27.4&#8243; _module_preset=&#8221;default&#8221; global_colors_info=&#8221;{}&#8221;]Living Well New York provides in- home palliative care to patients with serious illness. With a combination of home visits and telephonic visits, the program aims to:<\/p>\n<ul style = \"margin-top:20px;\">\n<li>\u00a0Reduce the burden of the patient\u2019s symptoms<\/li>\n<li>Improve the patient\u2019s engagement with advance care planning<\/li>\n<li>Provide caregiver support and education<\/li>\n<li>Decrease potentially unnecessary health care service utilization<\/li>\n<li>Decrease hospital readmission rates<\/li>\n<li>Improve the patient\u2019s overall quality of life<\/li>\n<\/ul>\n<p>[\/et_pb_text][\/et_pb_column][\/et_pb_row][et_pb_row column_structure=&#8221;1_2,1_2&#8243; _builder_version=&#8221;4.27.4&#8243; _module_preset=&#8221;default&#8221; custom_margin=&#8221;20px||20px||false|false&#8221; custom_padding=&#8221;||0px||false|false&#8221; locked=&#8221;off&#8221; global_colors_info=&#8221;{}&#8221;][et_pb_column type=&#8221;1_2&#8243; _builder_version=&#8221;4.16&#8243; _module_preset=&#8221;default&#8221; global_colors_info=&#8221;{}&#8221;][et_pb_text _builder_version=&#8221;4.27.4&#8243; _module_preset=&#8221;a95d1291-4312-4432-b9f9-e0f5149ec6ad&#8221; header_3_letter_spacing=&#8221;-2px&#8221; locked=&#8221;off&#8221; global_colors_info=&#8221;{}&#8221;]<\/p>\n<h2><span style=\"color: #00a7b5;\"><strong>Proven to Help<\/strong><\/span><\/h2>\n<p>[\/et_pb_text][et_pb_text _builder_version=&#8221;4.27.4&#8243; _module_preset=&#8221;default&#8221; global_colors_info=&#8221;{}&#8221;]Recent studies show that patients who receive palliative care report improvement in:<\/p>\n<ul style = \"margin-top:20px;\">\n<li>Pain, nausea, and shortness of breath<\/li>\n<li>Communicating with family members and health care providers<\/li>\n<li>Accessing care that is more in line with their wishes<\/li>\n<li>Decreasing stress while increasing confidence in making care decisions<\/li>\n<li>Emotional support and reduction in anxiety<\/li>\n<\/ul>\n<p>[\/et_pb_text][\/et_pb_column][et_pb_column type=&#8221;1_2&#8243; _builder_version=&#8221;4.16&#8243; _module_preset=&#8221;default&#8221; global_colors_info=&#8221;{}&#8221;][et_pb_image src=&#8221;https:\/\/unitedhospiceinc.org\/wp-content\/uploads\/2025\/03\/3.jpg&#8221; title_text=&#8221;3&#8243; _builder_version=&#8221;4.27.4&#8243; _module_preset=&#8221;default&#8221; border_radii=&#8221;on|35px|35px|35px|35px&#8221; global_colors_info=&#8221;{}&#8221;][\/et_pb_image][\/et_pb_column][\/et_pb_row][et_pb_row column_structure=&#8221;1_2,1_2&#8243; _builder_version=&#8221;4.27.4&#8243; _module_preset=&#8221;default&#8221; custom_margin=&#8221;30px||30px||false|false&#8221; custom_padding=&#8221;||0px||false|false&#8221; locked=&#8221;off&#8221; global_colors_info=&#8221;{}&#8221;][et_pb_column type=&#8221;1_2&#8243; _builder_version=&#8221;4.16&#8243; _module_preset=&#8221;default&#8221; global_colors_info=&#8221;{}&#8221;][et_pb_image src=&#8221;https:\/\/unitedhospiceinc.org\/wp-content\/uploads\/2025\/03\/4.jpg&#8221; title_text=&#8221;4&#8243; _builder_version=&#8221;4.27.4&#8243; _module_preset=&#8221;default&#8221; border_radii=&#8221;on|35px|35px|35px|35px&#8221; global_colors_info=&#8221;{}&#8221;][\/et_pb_image][\/et_pb_column][et_pb_column type=&#8221;1_2&#8243; _builder_version=&#8221;4.16&#8243; _module_preset=&#8221;default&#8221; global_colors_info=&#8221;{}&#8221;][et_pb_text _builder_version=&#8221;4.27.4&#8243; _module_preset=&#8221;a95d1291-4312-4432-b9f9-e0f5149ec6ad&#8221; header_3_letter_spacing=&#8221;-2px&#8221; locked=&#8221;off&#8221; global_colors_info=&#8221;{}&#8221;]<\/p>\n<h2><span style=\"color: #00a7b5;\"><strong>Team-based, Patient-centered<\/strong><\/span><\/h2>\n<p>[\/et_pb_text][et_pb_text _builder_version=&#8221;4.27.4&#8243; _module_preset=&#8221;default&#8221; global_colors_info=&#8221;{}&#8221;]<\/p>\n<p>The Living Well New York program offers a team-based approach to patient-centered care. The palliative care team includes:<\/p>\n<ul>\n<li>Doctors<\/li>\n<li>Nurses<\/li>\n<li>Social Workers<\/li>\n<li>Spiritual Care Counselors\/Chaplains<\/li>\n<\/ul>\n<p>Working in collaboration with the patient\u2019s primary or attending physicians, the Living Well New York team provides recommendations for the patient\u2019s care at home.<\/p>\n<p>Most importantly, patients do not give up their own health care provider to participate in the Living Well New York program.<\/p>\n<p>[\/et_pb_text][\/et_pb_column][\/et_pb_row][\/et_pb_section][et_pb_section fb_built=&#8221;1&#8243; _builder_version=&#8221;4.16&#8243; _module_preset=&#8221;default&#8221; background_color=&#8221;rgba(0,167,181,0.07)&#8221; da_disable_devices=&#8221;off|off|off&#8221; global_colors_info=&#8221;{}&#8221; da_is_popup=&#8221;off&#8221; da_exit_intent=&#8221;off&#8221; da_has_close=&#8221;on&#8221; da_alt_close=&#8221;off&#8221; da_dark_close=&#8221;off&#8221; da_not_modal=&#8221;on&#8221; da_is_singular=&#8221;off&#8221; da_with_loader=&#8221;off&#8221; da_has_shadow=&#8221;on&#8221;][et_pb_row _builder_version=&#8221;4.16&#8243; _module_preset=&#8221;default&#8221; custom_padding=&#8221;0px||||false|false&#8221; locked=&#8221;off&#8221; global_colors_info=&#8221;{}&#8221;][et_pb_column type=&#8221;4_4&#8243; _builder_version=&#8221;4.16&#8243; _module_preset=&#8221;default&#8221; global_colors_info=&#8221;{}&#8221;][et_pb_text _builder_version=&#8221;4.27.4&#8243; _module_preset=&#8221;default&#8221; header_3_font=&#8221;Open Sans Condensed|600|||||||&#8221; header_3_text_align=&#8221;center&#8221; header_3_text_color=&#8221;#00A7B5&#8243; header_3_font_size=&#8221;47px&#8221; header_3_letter_spacing=&#8221;-1px&#8221; header_3_line_height=&#8221;1.2em&#8221; header_4_font=&#8221;|600|||||||&#8221; header_4_text_color=&#8221;#01426A&#8221; header_4_font_size=&#8221;24px&#8221; header_3_font_size_tablet=&#8221;32px&#8221; header_3_font_size_phone=&#8221;&#8221; header_3_font_size_last_edited=&#8221;on|phone&#8221; global_colors_info=&#8221;{}&#8221;]<\/p>\n<h3>When to Consider Palliative Care<\/h3>\n<p>[\/et_pb_text][et_pb_text _builder_version=&#8221;4.27.4&#8243; _module_preset=&#8221;default&#8221; global_colors_info=&#8221;{}&#8221;]<\/p>\n<p style=\"text-align: center;\"><strong>You may want to consider palliative care if you or your loved one:<\/strong><\/p>\n<p style=\"text-align: center;\">\u00a0Suffers from pain or other symptoms due to a serious illness<br \/>Needs help understanding their serious illness and discussing care plan options<\/p>\n<p>[\/et_pb_text][et_pb_text _builder_version=&#8221;4.27.4&#8243; _module_preset=&#8221;default&#8221; header_3_font=&#8221;|600|||||||&#8221; header_3_text_align=&#8221;center&#8221; header_3_text_color=&#8221;#00A7B5&#8243; header_3_font_size=&#8221;37px&#8221; header_3_letter_spacing=&#8221;-1px&#8221; header_3_line_height=&#8221;1.2em&#8221; header_4_font=&#8221;|600|||||||&#8221; header_4_text_color=&#8221;#01426A&#8221; header_4_font_size=&#8221;24px&#8221; custom_margin=&#8221;30px||7px||false|false&#8221; header_3_font_size_tablet=&#8221;32px&#8221; header_3_font_size_phone=&#8221;&#8221; header_3_font_size_last_edited=&#8221;on|phone&#8221; global_colors_info=&#8221;{}&#8221;]<\/p>\n<h3>Palliative Care vs. Hospice Care<\/h3>\n<p>[\/et_pb_text][et_pb_text _builder_version=&#8221;4.27.4&#8243; _module_preset=&#8221;default&#8221; global_colors_info=&#8221;{}&#8221;]<\/p>\n<p style=\"text-align: center;\">While both are designed to provide comfort\u2014palliative care and hospice care are signi\ufb01cantly different.<\/p>\n<p>[\/et_pb_text][\/et_pb_column][\/et_pb_row][et_pb_row column_structure=&#8221;1_2,1_2&#8243; _builder_version=&#8221;4.16&#8243; _module_preset=&#8221;default&#8221; custom_padding=&#8221;0px||||false|false&#8221; locked=&#8221;off&#8221; global_colors_info=&#8221;{}&#8221;][et_pb_column type=&#8221;1_2&#8243; _builder_version=&#8221;4.16&#8243; _module_preset=&#8221;default&#8221; global_colors_info=&#8221;{}&#8221;][et_pb_text _builder_version=&#8221;4.27.4&#8243; _module_preset=&#8221;default&#8221; header_3_font=&#8221;|600|||||||&#8221; header_3_text_align=&#8221;left&#8221; header_3_text_color=&#8221;#00A7B5&#8243; header_3_font_size=&#8221;28px&#8221; header_3_letter_spacing=&#8221;-1px&#8221; header_3_line_height=&#8221;1.2em&#8221; header_4_font=&#8221;|600|||||||&#8221; header_4_text_color=&#8221;#01426A&#8221; header_4_font_size=&#8221;24px&#8221; custom_margin=&#8221;0px||7px||false|false&#8221; header_3_font_size_tablet=&#8221;32px&#8221; header_3_font_size_phone=&#8221;&#8221; header_3_font_size_last_edited=&#8221;on|phone&#8221; global_colors_info=&#8221;{}&#8221;]<\/p>\n<h3>Palliative Care<\/h3>\n<p>[\/et_pb_text][et_pb_text _builder_version=&#8221;4.27.4&#8243; _module_preset=&#8221;default&#8221; global_colors_info=&#8221;{}&#8221;]<\/p>\n<p>Palliative care can begin at diagnosis, and at the same time as treatment. It is available to patients any time during illness and does not depend on whether a condition can be cured. Patients do not have to be on hospice or at the end of life to receive palliative care.<\/p>\n<p>\u00a0The primary goal of palliative care is to provide as much comfort as possible and improve quality of life for both the patient and their family.<\/p>\n<p>[\/et_pb_text][\/et_pb_column][et_pb_column type=&#8221;1_2&#8243; _builder_version=&#8221;4.16&#8243; _module_preset=&#8221;default&#8221; global_colors_info=&#8221;{}&#8221;][et_pb_text _builder_version=&#8221;4.27.4&#8243; _module_preset=&#8221;default&#8221; header_3_font=&#8221;|600|||||||&#8221; header_3_text_align=&#8221;left&#8221; header_3_text_color=&#8221;#00A7B5&#8243; header_3_font_size=&#8221;28px&#8221; header_3_letter_spacing=&#8221;-1px&#8221; header_3_line_height=&#8221;1.2em&#8221; header_4_font=&#8221;|600|||||||&#8221; header_4_text_color=&#8221;#01426A&#8221; header_4_font_size=&#8221;24px&#8221; custom_margin=&#8221;0px||7px||false|false&#8221; header_3_font_size_tablet=&#8221;32px&#8221; header_3_font_size_phone=&#8221;&#8221; header_3_font_size_last_edited=&#8221;on|phone&#8221; global_colors_info=&#8221;{}&#8221;]<\/p>\n<h3>Hospice Care<\/h3>\n<p>[\/et_pb_text][et_pb_text _builder_version=&#8221;4.27.4&#8243; _module_preset=&#8221;default&#8221; global_colors_info=&#8221;{}&#8221;]<\/p>\n<p>Hospice care begins after treatment of the disease is stopped\u2014when it is clear that the patient is not going to survive the illness.<\/p>\n<p>\u00a0Hospice care focuses on a person\u2019s \ufb01nal months of life with a best guess life expectancy of six months or less. Patients in hospice always receive palliative care, in addition to more types of services.<\/p>\n<p>[\/et_pb_text][\/et_pb_column][\/et_pb_row][\/et_pb_section][et_pb_section fb_built=&#8221;1&#8243; _builder_version=&#8221;4.16&#8243; _module_preset=&#8221;default&#8221; da_disable_devices=&#8221;off|off|off&#8221; global_colors_info=&#8221;{}&#8221; da_is_popup=&#8221;off&#8221; da_exit_intent=&#8221;off&#8221; da_has_close=&#8221;on&#8221; da_alt_close=&#8221;off&#8221; da_dark_close=&#8221;off&#8221; da_not_modal=&#8221;on&#8221; da_is_singular=&#8221;off&#8221; da_with_loader=&#8221;off&#8221; da_has_shadow=&#8221;on&#8221;][et_pb_row _builder_version=&#8221;4.16&#8243; _module_preset=&#8221;default&#8221; custom_padding=&#8221;0px||||false|false&#8221; locked=&#8221;off&#8221; global_colors_info=&#8221;{}&#8221;][et_pb_column type=&#8221;4_4&#8243; _builder_version=&#8221;4.16&#8243; _module_preset=&#8221;default&#8221; global_colors_info=&#8221;{}&#8221;][et_pb_text _builder_version=&#8221;4.16&#8243; _module_preset=&#8221;default&#8221; global_colors_info=&#8221;{}&#8221;]<\/p>\n<p><span style=\"font-weight: 400;\">Our staff is here to help you as you begin to walk through this challenging time. Please call us at <a href=\"tel:845-634-4974\">845-634-4974<\/a> to discuss your situation. Lean on our experience and compassion.\u00a0 We are here for you.<\/span><\/p>\n<p>[\/et_pb_text][\/et_pb_column][\/et_pb_row][\/et_pb_section]<\/p>\n","protected":false},"excerpt":{"rendered":"<p>Living Well New York A program of United HospiceInnovative Care at HomeDeveloped by United Hospice\u2014Living Well New York Home-based Palliative Care allows seriously ill individuals to remain at home. This [&hellip;]<\/p>\n","protected":false},"author":4,"featured_media":0,"parent":0,"menu_order":0,"comment_status":"closed","ping_status":"closed","template":"","meta":{"_acf_changed":false,"_et_pb_use_builder":"on","_et_pb_old_content":"","_et_gb_content_width":"","inline_featured_image":false,"footnotes":""},"class_list":["post-5007","page","type-page","status-publish","hentry"],"acf":[],"yoast_head":"<!-- This site is optimized with the Yoast SEO plugin v27.4 - https:\/\/yoast.com\/product\/yoast-seo-wordpress\/ -->\n<title>Home-based Palliative Care | United Hospice<\/title>\n<meta name=\"description\" content=\"After you or a loved one have decided to receive hospice care, there are still more questions to be answered.\" \/>\n<meta name=\"robots\" content=\"index, follow, max-snippet:-1, max-image-preview:large, max-video-preview:-1\" \/>\n<link rel=\"canonical\" href=\"https:\/\/unitedhospiceinc.org\/es\/home-based-palliative-care\/\" \/>\n<meta property=\"og:locale\" content=\"es_MX\" \/>\n<meta property=\"og:type\" content=\"article\" \/>\n<meta property=\"og:title\" content=\"Home-based Palliative Care | United Hospice\" \/>\n<meta property=\"og:description\" content=\"After you or a loved one have decided to receive hospice care, there are still more questions to be answered.\" \/>\n<meta property=\"og:url\" content=\"https:\/\/unitedhospiceinc.org\/es\/home-based-palliative-care\/\" \/>\n<meta property=\"og:site_name\" content=\"United Hospice\" \/>\n<meta property=\"article:modified_time\" content=\"2025-03-20T16:12:50+00:00\" \/>\n<meta property=\"og:image\" content=\"https:\/\/unitedhospiceinc.org\/wp-content\/uploads\/2024\/01\/logo-email.png\" \/>\n\t<meta property=\"og:image:width\" content=\"400\" \/>\n\t<meta property=\"og:image:height\" content=\"208\" \/>\n\t<meta property=\"og:image:type\" content=\"image\/png\" \/>\n<meta name=\"twitter:card\" content=\"summary_large_image\" \/>\n<meta name=\"twitter:label1\" content=\"Tiempo de lectura\" \/>\n\t<meta name=\"twitter:data1\" content=\"4 minutos\" \/>\n<!-- \/ Yoast SEO plugin. -->","yoast_head_json":{"title":"Cuidados paliativos a domicilio | United Hospice","description":"Despu\u00e9s de que usted o un ser querido hayan decidido recibir cuidados paliativos, a\u00fan quedan m\u00e1s preguntas por responder.","robots":{"index":"index","follow":"follow","max-snippet":"max-snippet:-1","max-image-preview":"max-image-preview:large","max-video-preview":"max-video-preview:-1"},"canonical":"https:\/\/unitedhospiceinc.org\/es\/home-based-palliative-care\/","og_locale":"es_MX","og_type":"article","og_title":"Home-based Palliative Care | United Hospice","og_description":"After you or a loved one have decided to receive hospice care, there are still more questions to be answered.","og_url":"https:\/\/unitedhospiceinc.org\/es\/home-based-palliative-care\/","og_site_name":"United Hospice","article_modified_time":"2025-03-20T16:12:50+00:00","og_image":[{"width":400,"height":208,"url":"https:\/\/unitedhospiceinc.org\/wp-content\/uploads\/2024\/01\/logo-email.png","type":"image\/png"}],"twitter_card":"summary_large_image","twitter_misc":{"Tiempo de lectura":"4 minutos"},"schema":{"@context":"https:\/\/schema.org","@graph":[{"@type":"WebPage","@id":"https:\/\/unitedhospiceinc.org\/home-based-palliative-care\/","url":"https:\/\/unitedhospiceinc.org\/home-based-palliative-care\/","name":"Cuidados paliativos a domicilio | United Hospice","isPartOf":{"@id":"https:\/\/unitedhospiceinc.org\/#website"},"datePublished":"2025-03-15T15:58:48+00:00","dateModified":"2025-03-20T16:12:50+00:00","description":"Despu\u00e9s de que usted o un ser querido hayan decidido recibir cuidados paliativos, a\u00fan quedan m\u00e1s preguntas por responder.","breadcrumb":{"@id":"https:\/\/unitedhospiceinc.org\/home-based-palliative-care\/#breadcrumb"},"inLanguage":"es","potentialAction":[{"@type":"ReadAction","target":["https:\/\/unitedhospiceinc.org\/home-based-palliative-care\/"]}]},{"@type":"BreadcrumbList","@id":"https:\/\/unitedhospiceinc.org\/home-based-palliative-care\/#breadcrumb","itemListElement":[{"@type":"ListItem","position":1,"name":"Home","item":"https:\/\/unitedhospiceinc.org\/"},{"@type":"ListItem","position":2,"name":"Home-based Palliative Care"}]},{"@type":"WebSite","@id":"https:\/\/unitedhospiceinc.org\/#website","url":"https:\/\/unitedhospiceinc.org\/","name":"Hospicio Unido","description":"Vivir con comodidad cuando el tiempo es lo m\u00e1s importante","potentialAction":[{"@type":"SearchAction","target":{"@type":"EntryPoint","urlTemplate":"https:\/\/unitedhospiceinc.org\/?s={search_term_string}"},"query-input":{"@type":"PropertyValueSpecification","valueRequired":true,"valueName":"search_term_string"}}],"inLanguage":"es"}]}},"_links":{"self":[{"href":"https:\/\/unitedhospiceinc.org\/es\/wp-json\/wp\/v2\/pages\/5007","targetHints":{"allow":["GET"]}}],"collection":[{"href":"https:\/\/unitedhospiceinc.org\/es\/wp-json\/wp\/v2\/pages"}],"about":[{"href":"https:\/\/unitedhospiceinc.org\/es\/wp-json\/wp\/v2\/types\/page"}],"author":[{"embeddable":true,"href":"https:\/\/unitedhospiceinc.org\/es\/wp-json\/wp\/v2\/users\/4"}],"replies":[{"embeddable":true,"href":"https:\/\/unitedhospiceinc.org\/es\/wp-json\/wp\/v2\/comments?post=5007"}],"version-history":[{"count":0,"href":"https:\/\/unitedhospiceinc.org\/es\/wp-json\/wp\/v2\/pages\/5007\/revisions"}],"wp:attachment":[{"href":"https:\/\/unitedhospiceinc.org\/es\/wp-json\/wp\/v2\/media?parent=5007"}],"curies":[{"name":"wp","href":"https:\/\/api.w.org\/{rel}","templated":true}]}}