{"id":4629,"date":"2024-11-08T16:54:24","date_gmt":"2024-11-08T21:54:24","guid":{"rendered":"https:\/\/unitedhospiceinc.org\/?page_id=4629"},"modified":"2024-11-13T08:02:35","modified_gmt":"2024-11-13T13:02:35","slug":"at-home-hospice-care-provider-near-nyc","status":"publish","type":"page","link":"https:\/\/unitedhospiceinc.org\/es\/locations\/new-york-city-ny\/at-home-hospice-care-provider-near-nyc\/","title":{"rendered":"Nueva York Proveedor de cuidados paliativos a domicilio"},"content":{"rendered":"","protected":false},"excerpt":{"rendered":"","protected":false},"author":4,"featured_media":0,"parent":4627,"menu_order":0,"comment_status":"closed","ping_status":"closed","template":"page-templates\/locations-tpl.php","meta":{"_acf_changed":false,"_et_pb_use_builder":"off","_et_pb_old_content":"","_et_gb_content_width":"","inline_featured_image":false,"footnotes":""},"class_list":["post-4629","page","type-page","status-publish","hentry"],"acf":[],"yoast_head":"<!-- This site is optimized with the Yoast SEO plugin v27.4 - https:\/\/yoast.com\/product\/yoast-seo-wordpress\/ -->\n<title>Trusted At-Home Hospice Care Near NYC | United Hospice<\/title>\n<meta name=\"description\" content=\"Trusted at-home hospice care near NYC, serving Rockland and Orange County residents for over 30 years. Contact us today to support your loved ones with dignity.\" \/>\n<meta name=\"robots\" content=\"index, follow, max-snippet:-1, max-image-preview:large, max-video-preview:-1\" \/>\n<link rel=\"canonical\" href=\"https:\/\/unitedhospiceinc.org\/es\/locations\/new-york-city-ny\/at-home-hospice-care-provider-near-nyc\/\" \/>\n<meta property=\"og:locale\" content=\"es_MX\" \/>\n<meta property=\"og:type\" content=\"article\" \/>\n<meta property=\"og:title\" content=\"Trusted At-Home Hospice Care Near NYC | United Hospice\" \/>\n<meta property=\"og:description\" content=\"Trusted at-home hospice care near NYC, serving Rockland and Orange County residents for over 30 years. Contact us today to support your loved ones with dignity.\" \/>\n<meta property=\"og:url\" content=\"https:\/\/unitedhospiceinc.org\/es\/locations\/new-york-city-ny\/at-home-hospice-care-provider-near-nyc\/\" \/>\n<meta property=\"og:site_name\" content=\"United Hospice\" \/>\n<meta property=\"article:modified_time\" content=\"2024-11-13T13:02:35+00:00\" \/>\n<meta property=\"og:image\" content=\"https:\/\/unitedhospiceinc.org\/wp-content\/uploads\/2024\/01\/logo-email.png\" \/>\n\t<meta property=\"og:image:width\" content=\"400\" \/>\n\t<meta property=\"og:image:height\" content=\"208\" \/>\n\t<meta property=\"og:image:type\" content=\"image\/png\" \/>\n<meta name=\"twitter:card\" content=\"summary_large_image\" \/>\n<!-- \/ Yoast SEO plugin. -->","yoast_head_json":{"title":"Cuidados paliativos a domicilio de confianza cerca de NYC | United Hospice","description":"Cuidados paliativos a domicilio de confianza cerca de NYC, al servicio de los residentes de los condados de Rockland y Orange desde hace m\u00e1s de 30 a\u00f1os. P\u00f3ngase en contacto con nosotros hoy para apoyar a sus seres queridos con dignidad.","robots":{"index":"index","follow":"follow","max-snippet":"max-snippet:-1","max-image-preview":"max-image-preview:large","max-video-preview":"max-video-preview:-1"},"canonical":"https:\/\/unitedhospiceinc.org\/es\/locations\/new-york-city-ny\/at-home-hospice-care-provider-near-nyc\/","og_locale":"es_MX","og_type":"article","og_title":"Trusted At-Home Hospice Care Near NYC | United Hospice","og_description":"Trusted at-home hospice care near NYC, serving Rockland and Orange County residents for over 30 years. Contact us today to support your loved ones with dignity.","og_url":"https:\/\/unitedhospiceinc.org\/es\/locations\/new-york-city-ny\/at-home-hospice-care-provider-near-nyc\/","og_site_name":"United Hospice","article_modified_time":"2024-11-13T13:02:35+00:00","og_image":[{"width":400,"height":208,"url":"https:\/\/unitedhospiceinc.org\/wp-content\/uploads\/2024\/01\/logo-email.png","type":"image\/png"}],"twitter_card":"summary_large_image","schema":{"@context":"https:\/\/schema.org","@graph":[{"@type":"WebPage","@id":"https:\/\/unitedhospiceinc.org\/locations\/new-york-city-ny\/at-home-hospice-care-provider-near-nyc\/","url":"https:\/\/unitedhospiceinc.org\/locations\/new-york-city-ny\/at-home-hospice-care-provider-near-nyc\/","name":"Cuidados paliativos a domicilio de confianza cerca de NYC | United Hospice","isPartOf":{"@id":"https:\/\/unitedhospiceinc.org\/#website"},"datePublished":"2024-11-08T21:54:24+00:00","dateModified":"2024-11-13T13:02:35+00:00","description":"Cuidados paliativos a domicilio de confianza cerca de NYC, al servicio de los residentes de los condados de Rockland y Orange desde hace m\u00e1s de 30 a\u00f1os. P\u00f3ngase en contacto con nosotros hoy para apoyar a sus seres queridos con dignidad.","breadcrumb":{"@id":"https:\/\/unitedhospiceinc.org\/locations\/new-york-city-ny\/at-home-hospice-care-provider-near-nyc\/#breadcrumb"},"inLanguage":"es","potentialAction":[{"@type":"ReadAction","target":["https:\/\/unitedhospiceinc.org\/locations\/new-york-city-ny\/at-home-hospice-care-provider-near-nyc\/"]}]},{"@type":"BreadcrumbList","@id":"https:\/\/unitedhospiceinc.org\/locations\/new-york-city-ny\/at-home-hospice-care-provider-near-nyc\/#breadcrumb","itemListElement":[{"@type":"ListItem","position":1,"name":"Home","item":"https:\/\/unitedhospiceinc.org\/"},{"@type":"ListItem","position":2,"name":"Locations","item":"https:\/\/unitedhospiceinc.org\/locations\/"},{"@type":"ListItem","position":3,"name":"New York City NY","item":"https:\/\/unitedhospiceinc.org\/locations\/new-york-city-ny\/"},{"@type":"ListItem","position":4,"name":"New York City At Home Hospice Care Provider"}]},{"@type":"WebSite","@id":"https:\/\/unitedhospiceinc.org\/#website","url":"https:\/\/unitedhospiceinc.org\/","name":"Hospicio Unido","description":"Vivir con comodidad cuando el tiempo es lo m\u00e1s importante","potentialAction":[{"@type":"SearchAction","target":{"@type":"EntryPoint","urlTemplate":"https:\/\/unitedhospiceinc.org\/?s={search_term_string}"},"query-input":{"@type":"PropertyValueSpecification","valueRequired":true,"valueName":"search_term_string"}}],"inLanguage":"es"}]}},"_links":{"self":[{"href":"https:\/\/unitedhospiceinc.org\/es\/wp-json\/wp\/v2\/pages\/4629","targetHints":{"allow":["GET"]}}],"collection":[{"href":"https:\/\/unitedhospiceinc.org\/es\/wp-json\/wp\/v2\/pages"}],"about":[{"href":"https:\/\/unitedhospiceinc.org\/es\/wp-json\/wp\/v2\/types\/page"}],"author":[{"embeddable":true,"href":"https:\/\/unitedhospiceinc.org\/es\/wp-json\/wp\/v2\/users\/4"}],"replies":[{"embeddable":true,"href":"https:\/\/unitedhospiceinc.org\/es\/wp-json\/wp\/v2\/comments?post=4629"}],"version-history":[{"count":0,"href":"https:\/\/unitedhospiceinc.org\/es\/wp-json\/wp\/v2\/pages\/4629\/revisions"}],"up":[{"embeddable":true,"href":"https:\/\/unitedhospiceinc.org\/es\/wp-json\/wp\/v2\/pages\/4627"}],"wp:attachment":[{"href":"https:\/\/unitedhospiceinc.org\/es\/wp-json\/wp\/v2\/media?parent=4629"}],"curies":[{"name":"wp","href":"https:\/\/api.w.org\/{rel}","templated":true}]}}