{"id":1052,"date":"2021-06-23T12:12:58","date_gmt":"2021-06-23T12:12:58","guid":{"rendered":"https:\/\/unitedhospiceinc.org\/?page_id=1052"},"modified":"2024-12-11T13:12:28","modified_gmt":"2024-12-11T18:12:28","slug":"annual-appeal","status":"publish","type":"page","link":"https:\/\/unitedhospiceinc.org\/es\/giving\/annual-appeal\/","title":{"rendered":"Llamamiento anual de United Hospice"},"content":{"rendered":"<p>[et_pb_section fb_built=&#8221;1&#8243; _builder_version=&#8221;4.9.7&#8243; _module_preset=&#8221;default&#8221; background_color=&#8221;#00A7B5&#8243; custom_padding=&#8221;25px||25px||true|false&#8221; da_disable_devices=&#8221;off|off|off&#8221; global_module=&#8221;2078&#8243; saved_tabs=&#8221;all&#8221; global_colors_info=&#8221;{}&#8221; da_is_popup=&#8221;off&#8221; da_exit_intent=&#8221;off&#8221; da_has_close=&#8221;on&#8221; da_alt_close=&#8221;off&#8221; da_dark_close=&#8221;off&#8221; da_not_modal=&#8221;on&#8221; da_is_singular=&#8221;off&#8221; da_with_loader=&#8221;off&#8221; da_has_shadow=&#8221;on&#8221;][et_pb_row _builder_version=&#8221;4.20.2&#8243; _module_preset=&#8221;default&#8221; custom_padding=&#8221;0px||0px||true|false&#8221; global_colors_info=&#8221;{}&#8221;][et_pb_column type=&#8221;4_4&#8243; _builder_version=&#8221;4.16&#8243; _module_preset=&#8221;default&#8221; global_colors_info=&#8221;{}&#8221;][et_pb_blurb title=&#8221;@ET-DC@eyJkeW5hbWljIjp0cnVlLCJjb250ZW50IjoicG9zdF90aXRsZSIsInNldHRpbmdzIjp7ImJlZm9yZSI6IiIsImFmdGVyIjoiIn19@&#8221; _builder_version=&#8221;4.16&#8243; _dynamic_attributes=&#8221;title&#8221; _module_preset=&#8221;010fd022-4ecf-4ee7-af2d-dccd1acbb579&#8243; custom_css_blurb_title=&#8221;text-transform:lowercase;&#8221; global_colors_info=&#8221;{}&#8221;][\/et_pb_blurb][\/et_pb_column][\/et_pb_row][\/et_pb_section][et_pb_section fb_built=&#8221;1&#8243; fullwidth=&#8221;on&#8221; _builder_version=&#8221;4.16&#8243; _module_preset=&#8221;default&#8221; da_disable_devices=&#8221;off|off|off&#8221; global_colors_info=&#8221;{}&#8221; da_is_popup=&#8221;off&#8221; da_exit_intent=&#8221;off&#8221; da_has_close=&#8221;on&#8221; da_alt_close=&#8221;off&#8221; da_dark_close=&#8221;off&#8221; da_not_modal=&#8221;on&#8221; da_is_singular=&#8221;off&#8221; da_with_loader=&#8221;off&#8221; da_has_shadow=&#8221;on&#8221;][et_pb_fullwidth_image src=&#8221;https:\/\/unitedhospiceinc.org\/wp-content\/uploads\/2021\/11\/Annual-Appeal-Full-2000-x-1294-px-1920-x-646-px.png&#8221; title_text=&#8221;Annual Appeal Full (2000 x 1294 px) (1920 x 646 px)&#8221; _builder_version=&#8221;4.16&#8243; _module_preset=&#8221;default&#8221; global_colors_info=&#8221;{}&#8221;][\/et_pb_fullwidth_image][\/et_pb_section][et_pb_section fb_built=&#8221;1&#8243; _builder_version=&#8221;4.16&#8243; _module_preset=&#8221;default&#8221; background_enable_color=&#8221;off&#8221; background_enable_image=&#8221;off&#8221; custom_padding=&#8221;||||false|false&#8221; da_disable_devices=&#8221;off|off|off&#8221; global_colors_info=&#8221;{}&#8221; da_is_popup=&#8221;off&#8221; da_exit_intent=&#8221;off&#8221; da_has_close=&#8221;on&#8221; da_alt_close=&#8221;off&#8221; da_dark_close=&#8221;off&#8221; da_not_modal=&#8221;on&#8221; da_is_singular=&#8221;off&#8221; da_with_loader=&#8221;off&#8221; da_has_shadow=&#8221;on&#8221;][et_pb_row _builder_version=&#8221;4.16&#8243; _module_preset=&#8221;default&#8221; module_alignment=&#8221;center&#8221; custom_padding=&#8221;||||false|false&#8221; global_colors_info=&#8221;{}&#8221;][et_pb_column type=&#8221;4_4&#8243; _builder_version=&#8221;4.16&#8243; _module_preset=&#8221;default&#8221; global_colors_info=&#8221;{}&#8221;][et_pb_text _builder_version=&#8221;4.16&#8243; _module_preset=&#8221;default&#8221; header_text_color=&#8221;#00A7B5&#8243; header_font_size=&#8221;55px&#8221; header_2_text_color=&#8221;#00a7b5&#8243; custom_margin=&#8221;||||false|false&#8221; global_colors_info=&#8221;{}&#8221;]<\/p>\n<h2><b>Your Annual Support Means So Much!<br \/><\/b><\/h2>\n<p><span style=\"font-weight: 400;\">Those who loyally support our mission are an extension of our United Hospice family. Several times a year we send correspondence to share news about our organization so that our supporters can continue their connection to United Hospice. Our newsletters also provide an opportunity to allow those who like to provide financial support an easy way to make their annual contribution twice a year.<\/span><\/p>\n<p><span style=\"font-weight: 400;\">If you would like to be added to our newsletter mailing list please click here:<\/span><\/p>\n<p>[\/et_pb_text][\/et_pb_column][\/et_pb_row][\/et_pb_section][et_pb_section fb_built=&#8221;1&#8243; _builder_version=&#8221;4.16&#8243; _module_preset=&#8221;default&#8221; background_color=&#8221;#f5fcfc&#8221; background_enable_image=&#8221;off&#8221; custom_margin=&#8221;||||false|false&#8221; custom_padding=&#8221;||||false|false&#8221; da_disable_devices=&#8221;off|off|off&#8221; global_colors_info=&#8221;{}&#8221; da_is_popup=&#8221;off&#8221; da_exit_intent=&#8221;off&#8221; da_has_close=&#8221;on&#8221; da_alt_close=&#8221;off&#8221; da_dark_close=&#8221;off&#8221; da_not_modal=&#8221;on&#8221; da_is_singular=&#8221;off&#8221; da_with_loader=&#8221;off&#8221; da_has_shadow=&#8221;on&#8221;][et_pb_row _builder_version=&#8221;4.16&#8243; _module_preset=&#8221;default&#8221; module_alignment=&#8221;center&#8221; global_colors_info=&#8221;{}&#8221;][et_pb_column type=&#8221;4_4&#8243; _builder_version=&#8221;4.16&#8243; _module_preset=&#8221;default&#8221; global_colors_info=&#8221;{}&#8221;][et_pb_text _builder_version=&#8221;4.16&#8243; _module_preset=&#8221;default&#8221; header_text_color=&#8221;#00A7B5&#8243; header_2_text_color=&#8221;#00A7B5&#8243; text_orientation=&#8221;center&#8221; custom_margin=&#8221;||||false|false&#8221; global_colors_info=&#8221;{}&#8221;]<\/p>\n<h2><b>Thank Your For Your Continued Support!<span style=\"font-weight: 400;\"><br \/>\n<\/span><\/b><\/h2>\n<p><span style=\"font-weight: 400;\">Your gift truly does make a difference in the lives of others, when time matters most. If you would like to make your annual donation digitally, feel free to use the button below.<\/span><\/p>\n<p><i><span style=\"font-weight: 400;\">You will receive an acknowledgment for this donation by email, which you may use for tax purposes.<\/span><\/i><\/p>\n<p><i><span style=\"font-weight: 400;\"><\/span><\/i>[\/et_pb_text][et_pb_button button_url=&#8221;https:\/\/unitedhospiceinc.org\/donation\/&#8221; button_text=&#8221;give now&#8221; _builder_version=&#8221;4.14.7&#8243; _module_preset=&#8221;92140193-dd33-400d-9af8-2bd934e74221&#8243; custom_margin=&#8221;63px|||||&#8221; global_module=&#8221;1322&#8243; saved_tabs=&#8221;all&#8221; global_colors_info=&#8221;{}&#8221;][\/et_pb_button][\/et_pb_column][\/et_pb_row][\/et_pb_section][et_pb_section fb_built=&#8221;1&#8243; _builder_version=&#8221;4.16&#8243; _module_preset=&#8221;default&#8221; da_disable_devices=&#8221;off|off|off&#8221; global_colors_info=&#8221;{}&#8221; da_is_popup=&#8221;off&#8221; da_exit_intent=&#8221;off&#8221; da_has_close=&#8221;on&#8221; da_alt_close=&#8221;off&#8221; da_dark_close=&#8221;off&#8221; da_not_modal=&#8221;on&#8221; da_is_singular=&#8221;off&#8221; da_with_loader=&#8221;off&#8221; da_has_shadow=&#8221;on&#8221;][\/et_pb_section]<\/p>\n","protected":false},"excerpt":{"rendered":"<p>Your Annual Support Means So Much! Those who loyally support our mission are an extension of our United Hospice family. Several times a year we send correspondence to share news [&hellip;]<\/p>\n","protected":false},"author":4,"featured_media":0,"parent":1038,"menu_order":0,"comment_status":"closed","ping_status":"closed","template":"","meta":{"_acf_changed":false,"_et_pb_use_builder":"on","_et_pb_old_content":"","_et_gb_content_width":"","inline_featured_image":false,"footnotes":""},"class_list":["post-1052","page","type-page","status-publish","hentry"],"acf":[],"yoast_head":"<!-- This site is optimized with the Yoast SEO plugin v27.4 - https:\/\/yoast.com\/product\/yoast-seo-wordpress\/ -->\n<title>Annual Appeal to Support United Hospice Inc.<\/title>\n<meta name=\"description\" content=\"Thank Your For Your Continued Support! Your gift truly does make a difference in the lives of others, when time matters most.\" \/>\n<meta name=\"robots\" content=\"index, follow, max-snippet:-1, max-image-preview:large, max-video-preview:-1\" \/>\n<link rel=\"canonical\" href=\"https:\/\/unitedhospiceinc.org\/es\/giving\/annual-appeal\/\" \/>\n<meta property=\"og:locale\" content=\"es_MX\" \/>\n<meta property=\"og:type\" content=\"article\" \/>\n<meta property=\"og:title\" content=\"Annual Appeal to Support United Hospice Inc.\" \/>\n<meta property=\"og:description\" content=\"Thank Your For Your Continued Support! Your gift truly does make a difference in the lives of others, when time matters most.\" \/>\n<meta property=\"og:url\" content=\"https:\/\/unitedhospiceinc.org\/es\/giving\/annual-appeal\/\" \/>\n<meta property=\"og:site_name\" content=\"United Hospice\" \/>\n<meta property=\"article:modified_time\" content=\"2024-12-11T18:12:28+00:00\" \/>\n<meta property=\"og:image\" content=\"https:\/\/unitedhospiceinc.org\/wp-content\/uploads\/2024\/01\/logo-email.png\" \/>\n\t<meta property=\"og:image:width\" content=\"400\" \/>\n\t<meta property=\"og:image:height\" content=\"208\" \/>\n\t<meta property=\"og:image:type\" content=\"image\/png\" \/>\n<meta name=\"twitter:card\" content=\"summary_large_image\" \/>\n<meta name=\"twitter:label1\" content=\"Tiempo de lectura\" \/>\n\t<meta name=\"twitter:data1\" content=\"1 minuto\" \/>\n<!-- \/ Yoast SEO plugin. -->","yoast_head_json":{"title":"Llamamiento anual en apoyo de United Hospice Inc.","description":"Gracias por su continuo apoyo Su donaci\u00f3n realmente marca la diferencia en la vida de los dem\u00e1s, cuando el tiempo es m\u00e1s importante.","robots":{"index":"index","follow":"follow","max-snippet":"max-snippet:-1","max-image-preview":"max-image-preview:large","max-video-preview":"max-video-preview:-1"},"canonical":"https:\/\/unitedhospiceinc.org\/es\/giving\/annual-appeal\/","og_locale":"es_MX","og_type":"article","og_title":"Annual Appeal to Support United Hospice Inc.","og_description":"Thank Your For Your Continued Support! Your gift truly does make a difference in the lives of others, when time matters most.","og_url":"https:\/\/unitedhospiceinc.org\/es\/giving\/annual-appeal\/","og_site_name":"United Hospice","article_modified_time":"2024-12-11T18:12:28+00:00","og_image":[{"width":400,"height":208,"url":"https:\/\/unitedhospiceinc.org\/wp-content\/uploads\/2024\/01\/logo-email.png","type":"image\/png"}],"twitter_card":"summary_large_image","twitter_misc":{"Tiempo de lectura":"1 minuto"},"schema":{"@context":"https:\/\/schema.org","@graph":[{"@type":"WebPage","@id":"https:\/\/unitedhospiceinc.org\/giving\/annual-appeal\/","url":"https:\/\/unitedhospiceinc.org\/giving\/annual-appeal\/","name":"Llamamiento anual en apoyo de United Hospice Inc.","isPartOf":{"@id":"https:\/\/unitedhospiceinc.org\/#website"},"datePublished":"2021-06-23T12:12:58+00:00","dateModified":"2024-12-11T18:12:28+00:00","description":"Gracias por su continuo apoyo Su donaci\u00f3n realmente marca la diferencia en la vida de los dem\u00e1s, cuando el tiempo es m\u00e1s importante.","breadcrumb":{"@id":"https:\/\/unitedhospiceinc.org\/giving\/annual-appeal\/#breadcrumb"},"inLanguage":"es","potentialAction":[{"@type":"ReadAction","target":["https:\/\/unitedhospiceinc.org\/giving\/annual-appeal\/"]}]},{"@type":"BreadcrumbList","@id":"https:\/\/unitedhospiceinc.org\/giving\/annual-appeal\/#breadcrumb","itemListElement":[{"@type":"ListItem","position":1,"name":"Home","item":"https:\/\/unitedhospiceinc.org\/"},{"@type":"ListItem","position":2,"name":"Giving","item":"https:\/\/unitedhospiceinc.org\/giving\/"},{"@type":"ListItem","position":3,"name":"United Hospice Annual Appeal"}]},{"@type":"WebSite","@id":"https:\/\/unitedhospiceinc.org\/#website","url":"https:\/\/unitedhospiceinc.org\/","name":"Hospicio Unido","description":"Vivir con comodidad cuando el tiempo es lo m\u00e1s importante","potentialAction":[{"@type":"SearchAction","target":{"@type":"EntryPoint","urlTemplate":"https:\/\/unitedhospiceinc.org\/?s={search_term_string}"},"query-input":{"@type":"PropertyValueSpecification","valueRequired":true,"valueName":"search_term_string"}}],"inLanguage":"es"}]}},"_links":{"self":[{"href":"https:\/\/unitedhospiceinc.org\/es\/wp-json\/wp\/v2\/pages\/1052","targetHints":{"allow":["GET"]}}],"collection":[{"href":"https:\/\/unitedhospiceinc.org\/es\/wp-json\/wp\/v2\/pages"}],"about":[{"href":"https:\/\/unitedhospiceinc.org\/es\/wp-json\/wp\/v2\/types\/page"}],"author":[{"embeddable":true,"href":"https:\/\/unitedhospiceinc.org\/es\/wp-json\/wp\/v2\/users\/4"}],"replies":[{"embeddable":true,"href":"https:\/\/unitedhospiceinc.org\/es\/wp-json\/wp\/v2\/comments?post=1052"}],"version-history":[{"count":0,"href":"https:\/\/unitedhospiceinc.org\/es\/wp-json\/wp\/v2\/pages\/1052\/revisions"}],"up":[{"embeddable":true,"href":"https:\/\/unitedhospiceinc.org\/es\/wp-json\/wp\/v2\/pages\/1038"}],"wp:attachment":[{"href":"https:\/\/unitedhospiceinc.org\/es\/wp-json\/wp\/v2\/media?parent=1052"}],"curies":[{"name":"wp","href":"https:\/\/api.w.org\/{rel}","templated":true}]}}