{"id":1042,"date":"2021-06-23T12:11:24","date_gmt":"2021-06-23T12:11:24","guid":{"rendered":"https:\/\/unitedhospiceinc.org\/?page_id=1042"},"modified":"2023-07-18T14:03:49","modified_gmt":"2023-07-18T18:03:49","slug":"joe-raso-hospice-residence-donation","status":"publish","type":"page","link":"https:\/\/unitedhospiceinc.org\/es\/giving\/joe-raso-hospice-residence-donation\/","title":{"rendered":"Donaci\u00f3n a la Residencia Joe Raso"},"content":{"rendered":"<p>[et_pb_section fb_built=&#8221;1&#8243; _builder_version=&#8221;4.21.0&#8243; _module_preset=&#8221;default&#8221; custom_margin=&#8221;0px||0px||false|false&#8221; custom_padding=&#8221;0px||0px||false|false&#8221; da_disable_devices=&#8221;off|off|off&#8221; global_colors_info=&#8221;{}&#8221; da_is_popup=&#8221;off&#8221; da_exit_intent=&#8221;off&#8221; da_has_close=&#8221;on&#8221; da_alt_close=&#8221;off&#8221; da_dark_close=&#8221;off&#8221; da_not_modal=&#8221;on&#8221; da_is_singular=&#8221;off&#8221; da_with_loader=&#8221;off&#8221; da_has_shadow=&#8221;on&#8221;][et_pb_row _builder_version=&#8221;4.21.0&#8243; _module_preset=&#8221;default&#8221; custom_margin=&#8221;0px||0px||false|false&#8221; custom_padding=&#8221;0px||0px||false|false&#8221; global_colors_info=&#8221;{}&#8221;][et_pb_column type=&#8221;4_4&#8243; _builder_version=&#8221;4.21.0&#8243; _module_preset=&#8221;default&#8221; global_colors_info=&#8221;{}&#8221;][et_pb_nextend_smart_slider_3 slider=&#8221;13&#8243; _builder_version=&#8221;4.21.0&#8243; _module_preset=&#8221;default&#8221; global_colors_info=&#8221;{}&#8221;][\/et_pb_nextend_smart_slider_3][\/et_pb_column][\/et_pb_row][\/et_pb_section][et_pb_section fb_built=&#8221;1&#8243; _builder_version=&#8221;4.16&#8243; _module_preset=&#8221;default&#8221; background_color=&#8221;#f5fcfc&#8221; background_enable_image=&#8221;off&#8221; custom_margin=&#8221;||||false|false&#8221; custom_padding=&#8221;||||false|false&#8221; da_disable_devices=&#8221;off|off|off&#8221; global_colors_info=&#8221;{}&#8221; da_is_popup=&#8221;off&#8221; da_exit_intent=&#8221;off&#8221; da_has_close=&#8221;on&#8221; da_alt_close=&#8221;off&#8221; da_dark_close=&#8221;off&#8221; da_not_modal=&#8221;on&#8221; da_is_singular=&#8221;off&#8221; da_with_loader=&#8221;off&#8221; da_has_shadow=&#8221;on&#8221;][et_pb_row _builder_version=&#8221;4.16&#8243; _module_preset=&#8221;default&#8221; module_alignment=&#8221;center&#8221; global_colors_info=&#8221;{}&#8221;][et_pb_column type=&#8221;4_4&#8243; _builder_version=&#8221;4.16&#8243; _module_preset=&#8221;default&#8221; global_colors_info=&#8221;{}&#8221;][et_pb_text _builder_version=&#8221;4.21.0&#8243; _module_preset=&#8221;default&#8221; header_text_color=&#8221;#00A7B5&#8243; header_2_text_color=&#8221;#00A7B5&#8243; text_orientation=&#8221;center&#8221; custom_margin=&#8221;||||false|false&#8221; hover_enabled=&#8221;0&#8243; global_colors_info=&#8221;{}&#8221; text_font=&#8221;|700|||||||&#8221; header_2_font=&#8221;|700|||||||&#8221; sticky_enabled=&#8221;0&#8243;]<\/p>\n<h2>Your gift will help the Joe Raso Hospice Residence!<\/h2>\n<p><span style=\"font-weight: 400;\">Thank you for your donation!\u00a0 Your gift will help the Joe Raso Hospice Residence continue to provide skilled and compassionate care to our patients in a warm, comforting and home-like environment on our beautiful 11-acre property.<\/span><\/p>\n<p><i><span style=\"font-weight: 400;\">You will receive an <span>acknowledgement <\/span>for this donation by email, which you may use for tax purposes.<\/span><\/i><i><span style=\"font-weight: 400;\"><\/span><\/i><\/p>\n<p><i><\/i><\/p>\n<p>[\/et_pb_text][\/et_pb_column][\/et_pb_row][\/et_pb_section]<\/p>\n","protected":false},"excerpt":{"rendered":"<p>Your gift will help the Joe Raso Hospice Residence! Thank you for your donation!\u00a0 Your gift will help the Joe Raso Hospice Residence continue to provide skilled and compassionate care [&hellip;]<\/p>\n","protected":false},"author":4,"featured_media":0,"parent":1038,"menu_order":0,"comment_status":"closed","ping_status":"closed","template":"","meta":{"_acf_changed":false,"_et_pb_use_builder":"on","_et_pb_old_content":"","_et_gb_content_width":"","inline_featured_image":false,"footnotes":""},"class_list":["post-1042","page","type-page","status-publish","hentry"],"acf":[],"yoast_head":"<!-- This site is optimized with the Yoast SEO plugin v27.3 - https:\/\/yoast.com\/product\/yoast-seo-wordpress\/ -->\n<title>Joe Raso Hospice Residence Donation | United Hospice<\/title>\n<meta name=\"description\" content=\"Our Joe Raso Hospice Residence, situated on 11 beautiful acres with round-the-clock medical care in a beautiful and peaceful setting.\" \/>\n<meta name=\"robots\" content=\"index, follow, max-snippet:-1, max-image-preview:large, max-video-preview:-1\" \/>\n<link rel=\"canonical\" href=\"https:\/\/unitedhospiceinc.org\/es\/giving\/joe-raso-hospice-residence-donation\/\" \/>\n<meta property=\"og:locale\" content=\"es_MX\" \/>\n<meta property=\"og:type\" content=\"article\" \/>\n<meta property=\"og:title\" content=\"Joe Raso Hospice Residence Donation | United Hospice\" \/>\n<meta property=\"og:description\" content=\"Our Joe Raso Hospice Residence, situated on 11 beautiful acres with round-the-clock medical care in a beautiful and peaceful setting.\" \/>\n<meta property=\"og:url\" content=\"https:\/\/unitedhospiceinc.org\/es\/giving\/joe-raso-hospice-residence-donation\/\" \/>\n<meta property=\"og:site_name\" content=\"United Hospice\" \/>\n<meta property=\"article:modified_time\" content=\"2023-07-18T18:03:49+00:00\" \/>\n<meta property=\"og:image\" content=\"https:\/\/unitedhospiceinc.org\/wp-content\/uploads\/2024\/01\/logo-email.png\" \/>\n\t<meta property=\"og:image:width\" content=\"400\" \/>\n\t<meta property=\"og:image:height\" content=\"208\" \/>\n\t<meta property=\"og:image:type\" content=\"image\/png\" \/>\n<meta name=\"twitter:card\" content=\"summary_large_image\" \/>\n<!-- \/ Yoast SEO plugin. -->","yoast_head_json":{"title":"Donaci\u00f3n Residencia Joe Raso | United Hospice","description":"Nuestra Residencia Joe Raso Hospice, situada en 11 hermosos acres con atenci\u00f3n m\u00e9dica las 24 horas del d\u00eda en un entorno hermoso y tranquilo.","robots":{"index":"index","follow":"follow","max-snippet":"max-snippet:-1","max-image-preview":"max-image-preview:large","max-video-preview":"max-video-preview:-1"},"canonical":"https:\/\/unitedhospiceinc.org\/es\/giving\/joe-raso-hospice-residence-donation\/","og_locale":"es_MX","og_type":"article","og_title":"Joe Raso Hospice Residence Donation | United Hospice","og_description":"Our Joe Raso Hospice Residence, situated on 11 beautiful acres with round-the-clock medical care in a beautiful and peaceful setting.","og_url":"https:\/\/unitedhospiceinc.org\/es\/giving\/joe-raso-hospice-residence-donation\/","og_site_name":"United Hospice","article_modified_time":"2023-07-18T18:03:49+00:00","og_image":[{"width":400,"height":208,"url":"https:\/\/unitedhospiceinc.org\/wp-content\/uploads\/2024\/01\/logo-email.png","type":"image\/png"}],"twitter_card":"summary_large_image","schema":{"@context":"https:\/\/schema.org","@graph":[{"@type":"WebPage","@id":"https:\/\/unitedhospiceinc.org\/giving\/joe-raso-hospice-residence-donation\/","url":"https:\/\/unitedhospiceinc.org\/giving\/joe-raso-hospice-residence-donation\/","name":"Donaci\u00f3n Residencia Joe Raso | United Hospice","isPartOf":{"@id":"https:\/\/unitedhospiceinc.org\/#website"},"datePublished":"2021-06-23T12:11:24+00:00","dateModified":"2023-07-18T18:03:49+00:00","description":"Nuestra Residencia Joe Raso Hospice, situada en 11 hermosos acres con atenci\u00f3n m\u00e9dica las 24 horas del d\u00eda en un entorno hermoso y tranquilo.","breadcrumb":{"@id":"https:\/\/unitedhospiceinc.org\/giving\/joe-raso-hospice-residence-donation\/#breadcrumb"},"inLanguage":"es","potentialAction":[{"@type":"ReadAction","target":["https:\/\/unitedhospiceinc.org\/giving\/joe-raso-hospice-residence-donation\/"]}]},{"@type":"BreadcrumbList","@id":"https:\/\/unitedhospiceinc.org\/giving\/joe-raso-hospice-residence-donation\/#breadcrumb","itemListElement":[{"@type":"ListItem","position":1,"name":"Home","item":"https:\/\/unitedhospiceinc.org\/"},{"@type":"ListItem","position":2,"name":"Giving","item":"https:\/\/unitedhospiceinc.org\/giving\/"},{"@type":"ListItem","position":3,"name":"Joe Raso Hospice Residence Donation"}]},{"@type":"WebSite","@id":"https:\/\/unitedhospiceinc.org\/#website","url":"https:\/\/unitedhospiceinc.org\/","name":"Hospicio Unido","description":"Vivir con comodidad cuando el tiempo es lo m\u00e1s importante","potentialAction":[{"@type":"SearchAction","target":{"@type":"EntryPoint","urlTemplate":"https:\/\/unitedhospiceinc.org\/?s={search_term_string}"},"query-input":{"@type":"PropertyValueSpecification","valueRequired":true,"valueName":"search_term_string"}}],"inLanguage":"es"}]}},"_links":{"self":[{"href":"https:\/\/unitedhospiceinc.org\/es\/wp-json\/wp\/v2\/pages\/1042","targetHints":{"allow":["GET"]}}],"collection":[{"href":"https:\/\/unitedhospiceinc.org\/es\/wp-json\/wp\/v2\/pages"}],"about":[{"href":"https:\/\/unitedhospiceinc.org\/es\/wp-json\/wp\/v2\/types\/page"}],"author":[{"embeddable":true,"href":"https:\/\/unitedhospiceinc.org\/es\/wp-json\/wp\/v2\/users\/4"}],"replies":[{"embeddable":true,"href":"https:\/\/unitedhospiceinc.org\/es\/wp-json\/wp\/v2\/comments?post=1042"}],"version-history":[{"count":0,"href":"https:\/\/unitedhospiceinc.org\/es\/wp-json\/wp\/v2\/pages\/1042\/revisions"}],"up":[{"embeddable":true,"href":"https:\/\/unitedhospiceinc.org\/es\/wp-json\/wp\/v2\/pages\/1038"}],"wp:attachment":[{"href":"https:\/\/unitedhospiceinc.org\/es\/wp-json\/wp\/v2\/media?parent=1042"}],"curies":[{"name":"wp","href":"https:\/\/api.w.org\/{rel}","templated":true}]}}